{"id":8841,"date":"2024-07-03T12:54:54","date_gmt":"2024-07-03T12:54:54","guid":{"rendered":"https:\/\/multifrigo.pl\/sklep\/produkt\/kieliszek-do-wodki-side-v-0060-l-pasabahce-400035\/"},"modified":"2025-05-19T11:26:03","modified_gmt":"2025-05-19T11:26:03","slug":"kieliszek-do-wodki-side-v-0060-l-pasabahce-400035","status":"publish","type":"product","link":"https:\/\/www.multifrigo.pl\/sklep\/produkt\/kieliszek-do-wodki-side-v-0060-l-pasabahce-400035\/","title":{"rendered":"Kieliszek do w\u00f3dki, Side, V 0,060 l | Pasabahce 400035"},"content":{"rendered":"<p><LI>profesjonalne szk\u0142o dla gastronomii  <LI>sprzedawane w ilo\u015bciach kartonowych  <LI>cena za sztuk\u0119  <LI>podana pojemno\u015b\u0107 jest pojemno\u015bci\u0105 ca\u0142kowit\u0105  <\/p>\n","protected":false},"excerpt":{"rendered":"<p>profesjonalne szk\u0142o dla gastronomii sprzedawane w ilo\u015bciach kartonowych cena za sztuk\u0119 podana pojemno\u015b\u0107 jest pojemno\u015bci\u0105 ca\u0142kowit\u0105<\/p>\n","protected":false},"featured_media":14223,"template":"","meta":{"_et_pb_use_builder":"","_et_pb_old_content":"","_et_gb_content_width":""},"pwb-brand":[266],"product_brand":[],"product_cat":[267],"product_tag":[],"class_list":{"0":"post-8841","1":"product","2":"type-product","3":"status-publish","4":"has-post-thumbnail","6":"pwb-brand-pasabahce","7":"product_cat-do-wodki","9":"first","10":"instock","11":"taxable","12":"shipping-taxable","13":"purchasable","14":"product-type-simple"},"brands":[{"id":266,"name":"Pasabahce","slug":"pasabahce"}],"_links":{"self":[{"href":"https:\/\/www.multifrigo.pl\/sklep\/wp-json\/wp\/v2\/product\/8841","targetHints":{"allow":["GET"]}}],"collection":[{"href":"https:\/\/www.multifrigo.pl\/sklep\/wp-json\/wp\/v2\/product"}],"about":[{"href":"https:\/\/www.multifrigo.pl\/sklep\/wp-json\/wp\/v2\/types\/product"}],"wp:featuredmedia":[{"embeddable":true,"href":"https:\/\/www.multifrigo.pl\/sklep\/wp-json\/wp\/v2\/media\/14223"}],"wp:attachment":[{"href":"https:\/\/www.multifrigo.pl\/sklep\/wp-json\/wp\/v2\/media?parent=8841"}],"wp:term":[{"taxonomy":"pwb-brand","embeddable":true,"href":"https:\/\/www.multifrigo.pl\/sklep\/wp-json\/wp\/v2\/pwb-brand?post=8841"},{"taxonomy":"product_brand","embeddable":true,"href":"https:\/\/www.multifrigo.pl\/sklep\/wp-json\/wp\/v2\/product_brand?post=8841"},{"taxonomy":"product_cat","embeddable":true,"href":"https:\/\/www.multifrigo.pl\/sklep\/wp-json\/wp\/v2\/product_cat?post=8841"},{"taxonomy":"product_tag","embeddable":true,"href":"https:\/\/www.multifrigo.pl\/sklep\/wp-json\/wp\/v2\/product_tag?post=8841"}],"curies":[{"name":"wp","href":"https:\/\/api.w.org\/{rel}","templated":true}]}}