{"id":8851,"date":"2024-07-03T12:54:55","date_gmt":"2024-07-03T12:54:55","guid":{"rendered":"https:\/\/multifrigo.pl\/sklep\/produkt\/szklanka-kieliszek-do-espresso-v-0-085-l-bormioli-rocco-400050\/"},"modified":"2025-05-19T11:26:07","modified_gmt":"2025-05-19T11:26:07","slug":"szklanka-kieliszek-do-espresso-v-0-085-l-bormioli-rocco-400050","status":"publish","type":"product","link":"https:\/\/www.multifrigo.pl\/sklep\/produkt\/szklanka-kieliszek-do-espresso-v-0-085-l-bormioli-rocco-400050\/","title":{"rendered":"Szklanka, kieliszek do espresso, V 0.085 l | Bormioli Rocco 400050"},"content":{"rendered":"<p><LI>profesjonalne szk\u0142o dla gastronomii  <LI>idealny produkt do serwowania pysznego espresso lub wody  <LI>grube transparentne szk\u0142o hartowane  <LI>przystosowane do mycia w zmywarce  <LI>sprzedawane w ilo\u015bciach kartonowych  <\/p>\n","protected":false},"excerpt":{"rendered":"<p>profesjonalne szk\u0142o dla gastronomii idealny produkt do serwowania pysznego espresso lub wody grube transparentne szk\u0142o hartowane przystosowane do mycia w zmywarce sprzedawane w ilo\u015bciach kartonowych<\/p>\n","protected":false},"featured_media":14234,"template":"","meta":{"_et_pb_use_builder":"","_et_pb_old_content":"","_et_gb_content_width":""},"pwb-brand":[251],"product_brand":[],"product_cat":[268],"product_tag":[],"class_list":{"0":"post-8851","1":"product","2":"type-product","3":"status-publish","4":"has-post-thumbnail","6":"pwb-brand-bormioli-rocco","7":"product_cat-do-wody-i-sokow","9":"first","10":"instock","11":"taxable","12":"shipping-taxable","13":"purchasable","14":"product-type-simple"},"brands":[{"id":251,"name":"Bormioli Rocco","slug":"bormioli-rocco"}],"_links":{"self":[{"href":"https:\/\/www.multifrigo.pl\/sklep\/wp-json\/wp\/v2\/product\/8851","targetHints":{"allow":["GET"]}}],"collection":[{"href":"https:\/\/www.multifrigo.pl\/sklep\/wp-json\/wp\/v2\/product"}],"about":[{"href":"https:\/\/www.multifrigo.pl\/sklep\/wp-json\/wp\/v2\/types\/product"}],"wp:featuredmedia":[{"embeddable":true,"href":"https:\/\/www.multifrigo.pl\/sklep\/wp-json\/wp\/v2\/media\/14234"}],"wp:attachment":[{"href":"https:\/\/www.multifrigo.pl\/sklep\/wp-json\/wp\/v2\/media?parent=8851"}],"wp:term":[{"taxonomy":"pwb-brand","embeddable":true,"href":"https:\/\/www.multifrigo.pl\/sklep\/wp-json\/wp\/v2\/pwb-brand?post=8851"},{"taxonomy":"product_brand","embeddable":true,"href":"https:\/\/www.multifrigo.pl\/sklep\/wp-json\/wp\/v2\/product_brand?post=8851"},{"taxonomy":"product_cat","embeddable":true,"href":"https:\/\/www.multifrigo.pl\/sklep\/wp-json\/wp\/v2\/product_cat?post=8851"},{"taxonomy":"product_tag","embeddable":true,"href":"https:\/\/www.multifrigo.pl\/sklep\/wp-json\/wp\/v2\/product_tag?post=8851"}],"curies":[{"name":"wp","href":"https:\/\/api.w.org\/{rel}","templated":true}]}}