{"id":8861,"date":"2024-07-03T12:54:57","date_gmt":"2024-07-03T12:54:57","guid":{"rendered":"https:\/\/multifrigo.pl\/sklep\/produkt\/szklanka-niska-caravelle-v-250-ml-bormioli-rocco-400072\/"},"modified":"2025-05-19T11:26:12","modified_gmt":"2025-05-19T11:26:12","slug":"szklanka-niska-caravelle-v-250-ml-bormioli-rocco-400072","status":"publish","type":"product","link":"https:\/\/www.multifrigo.pl\/sklep\/produkt\/szklanka-niska-caravelle-v-250-ml-bormioli-rocco-400072\/","title":{"rendered":"Szklanka niska, Caravelle, V 250 ml | Bormioli Rocco 400072"},"content":{"rendered":"<p><LI>profesjonalne szk\u0142o dla gastronomii  <LI>klasyczna g\u0142adka formu\u0142a, lekko rozszerzana w g\u00f3rnej cz\u0119\u015bci  <LI>idealna na ka\u017cd\u0105 okazj\u0119 i w ka\u017cde miejsce  <LI>przystosowane do mycia w zmywarce  <LI>sprzedawane w ilo\u015bciach kartonowych  <\/p>\n","protected":false},"excerpt":{"rendered":"<p>profesjonalne szk\u0142o dla gastronomii klasyczna g\u0142adka formu\u0142a, lekko rozszerzana w g\u00f3rnej cz\u0119\u015bci idealna na ka\u017cd\u0105 okazj\u0119 i w ka\u017cde miejsce przystosowane do mycia w zmywarce sprzedawane w ilo\u015bciach kartonowych<\/p>\n","protected":false},"featured_media":14246,"template":"","meta":{"_et_pb_use_builder":"","_et_pb_old_content":"","_et_gb_content_width":""},"pwb-brand":[251],"product_brand":[],"product_cat":[262],"product_tag":[],"class_list":{"0":"post-8861","1":"product","2":"type-product","3":"status-publish","4":"has-post-thumbnail","6":"pwb-brand-bormioli-rocco","7":"product_cat-szklanki-niskie","9":"first","10":"instock","11":"taxable","12":"shipping-taxable","13":"purchasable","14":"product-type-simple"},"brands":[{"id":251,"name":"Bormioli Rocco","slug":"bormioli-rocco"}],"_links":{"self":[{"href":"https:\/\/www.multifrigo.pl\/sklep\/wp-json\/wp\/v2\/product\/8861","targetHints":{"allow":["GET"]}}],"collection":[{"href":"https:\/\/www.multifrigo.pl\/sklep\/wp-json\/wp\/v2\/product"}],"about":[{"href":"https:\/\/www.multifrigo.pl\/sklep\/wp-json\/wp\/v2\/types\/product"}],"wp:featuredmedia":[{"embeddable":true,"href":"https:\/\/www.multifrigo.pl\/sklep\/wp-json\/wp\/v2\/media\/14246"}],"wp:attachment":[{"href":"https:\/\/www.multifrigo.pl\/sklep\/wp-json\/wp\/v2\/media?parent=8861"}],"wp:term":[{"taxonomy":"pwb-brand","embeddable":true,"href":"https:\/\/www.multifrigo.pl\/sklep\/wp-json\/wp\/v2\/pwb-brand?post=8861"},{"taxonomy":"product_brand","embeddable":true,"href":"https:\/\/www.multifrigo.pl\/sklep\/wp-json\/wp\/v2\/product_brand?post=8861"},{"taxonomy":"product_cat","embeddable":true,"href":"https:\/\/www.multifrigo.pl\/sklep\/wp-json\/wp\/v2\/product_cat?post=8861"},{"taxonomy":"product_tag","embeddable":true,"href":"https:\/\/www.multifrigo.pl\/sklep\/wp-json\/wp\/v2\/product_tag?post=8861"}],"curies":[{"name":"wp","href":"https:\/\/api.w.org\/{rel}","templated":true}]}}