{"id":8870,"date":"2024-07-03T12:54:59","date_gmt":"2024-07-03T12:54:59","guid":{"rendered":"https:\/\/multifrigo.pl\/sklep\/produkt\/miska-szklana-o-200-mm-v-160-l-pasabahce-400092\/"},"modified":"2025-05-19T11:26:16","modified_gmt":"2025-05-19T11:26:16","slug":"miska-szklana-o-200-mm-v-160-l-pasabahce-400092","status":"publish","type":"product","link":"https:\/\/www.multifrigo.pl\/sklep\/produkt\/miska-szklana-o-200-mm-v-160-l-pasabahce-400092\/","title":{"rendered":"Miska szklana, \u00f8 200 mm, V 1,60 l | Pasabahce 400092"},"content":{"rendered":"<p><LI>cena za sztuk\u0119  <LI>sprzedawane w ilo\u015bciach kartonowych  <LI>szk\u0142o hartowane o du\u017cej wytrzyma\u0142o\u015bci na uszkodzenia mechaniczne oraz termiczne  <LI>podana pojemno\u015b\u0107 jest pojemno\u015bci\u0105 ca\u0142kowit\u0105  <\/p>\n","protected":false},"excerpt":{"rendered":"<p>cena za sztuk\u0119 sprzedawane w ilo\u015bciach kartonowych szk\u0142o hartowane o du\u017cej wytrzyma\u0142o\u015bci na uszkodzenia mechaniczne oraz termiczne podana pojemno\u015b\u0107 jest pojemno\u015bci\u0105 ca\u0142kowit\u0105<\/p>\n","protected":false},"featured_media":14257,"template":"","meta":{"_et_pb_use_builder":"","_et_pb_old_content":"","_et_gb_content_width":""},"pwb-brand":[266],"product_brand":[],"product_cat":[272],"product_tag":[],"class_list":{"0":"post-8870","1":"product","2":"type-product","3":"status-publish","4":"has-post-thumbnail","6":"pwb-brand-pasabahce","7":"product_cat-miski-szklane","9":"first","10":"instock","11":"taxable","12":"shipping-taxable","13":"purchasable","14":"product-type-simple"},"brands":[{"id":266,"name":"Pasabahce","slug":"pasabahce"}],"_links":{"self":[{"href":"https:\/\/www.multifrigo.pl\/sklep\/wp-json\/wp\/v2\/product\/8870","targetHints":{"allow":["GET"]}}],"collection":[{"href":"https:\/\/www.multifrigo.pl\/sklep\/wp-json\/wp\/v2\/product"}],"about":[{"href":"https:\/\/www.multifrigo.pl\/sklep\/wp-json\/wp\/v2\/types\/product"}],"wp:featuredmedia":[{"embeddable":true,"href":"https:\/\/www.multifrigo.pl\/sklep\/wp-json\/wp\/v2\/media\/14257"}],"wp:attachment":[{"href":"https:\/\/www.multifrigo.pl\/sklep\/wp-json\/wp\/v2\/media?parent=8870"}],"wp:term":[{"taxonomy":"pwb-brand","embeddable":true,"href":"https:\/\/www.multifrigo.pl\/sklep\/wp-json\/wp\/v2\/pwb-brand?post=8870"},{"taxonomy":"product_brand","embeddable":true,"href":"https:\/\/www.multifrigo.pl\/sklep\/wp-json\/wp\/v2\/product_brand?post=8870"},{"taxonomy":"product_cat","embeddable":true,"href":"https:\/\/www.multifrigo.pl\/sklep\/wp-json\/wp\/v2\/product_cat?post=8870"},{"taxonomy":"product_tag","embeddable":true,"href":"https:\/\/www.multifrigo.pl\/sklep\/wp-json\/wp\/v2\/product_tag?post=8870"}],"curies":[{"name":"wp","href":"https:\/\/api.w.org\/{rel}","templated":true}]}}