{"id":8877,"date":"2024-07-03T12:55:01","date_gmt":"2024-07-03T12:55:01","guid":{"rendered":"https:\/\/multifrigo.pl\/sklep\/produkt\/szklanka-do-goracych-napojow-v-0380-l-pasabahce-400099\/"},"modified":"2025-05-19T11:26:24","modified_gmt":"2025-05-19T11:26:24","slug":"szklanka-do-goracych-napojow-v-0380-l-pasabahce-400099","status":"publish","type":"product","link":"https:\/\/www.multifrigo.pl\/sklep\/produkt\/szklanka-do-goracych-napojow-v-0380-l-pasabahce-400099\/","title":{"rendered":"Szklanka do gor\u0105cych napoj\u00f3w, V 0,380 l | Pasabahce 400099"},"content":{"rendered":"<p><LI>profesjonalne szk\u0142o dla gastronomii  <LI>sprzedawane w ilo\u015bciach kartonowych  <LI>podana pojemno\u015b\u0107 jest pojemno\u015bci\u0105 ca\u0142kowit\u0105  <LI>szk\u0142o hartowane  <\/p>\n","protected":false},"excerpt":{"rendered":"<p>profesjonalne szk\u0142o dla gastronomii sprzedawane w ilo\u015bciach kartonowych podana pojemno\u015b\u0107 jest pojemno\u015bci\u0105 ca\u0142kowit\u0105 szk\u0142o hartowane<\/p>\n","protected":false},"featured_media":14264,"template":"","meta":{"_et_pb_use_builder":"","_et_pb_old_content":"","_et_gb_content_width":""},"pwb-brand":[266],"product_brand":[],"product_cat":[273],"product_tag":[],"class_list":{"0":"post-8877","1":"product","2":"type-product","3":"status-publish","4":"has-post-thumbnail","6":"pwb-brand-pasabahce","7":"product_cat-szklanki-do-goracych-napojow","9":"first","10":"instock","11":"taxable","12":"shipping-taxable","13":"purchasable","14":"product-type-simple"},"brands":[{"id":266,"name":"Pasabahce","slug":"pasabahce"}],"_links":{"self":[{"href":"https:\/\/www.multifrigo.pl\/sklep\/wp-json\/wp\/v2\/product\/8877","targetHints":{"allow":["GET"]}}],"collection":[{"href":"https:\/\/www.multifrigo.pl\/sklep\/wp-json\/wp\/v2\/product"}],"about":[{"href":"https:\/\/www.multifrigo.pl\/sklep\/wp-json\/wp\/v2\/types\/product"}],"wp:featuredmedia":[{"embeddable":true,"href":"https:\/\/www.multifrigo.pl\/sklep\/wp-json\/wp\/v2\/media\/14264"}],"wp:attachment":[{"href":"https:\/\/www.multifrigo.pl\/sklep\/wp-json\/wp\/v2\/media?parent=8877"}],"wp:term":[{"taxonomy":"pwb-brand","embeddable":true,"href":"https:\/\/www.multifrigo.pl\/sklep\/wp-json\/wp\/v2\/pwb-brand?post=8877"},{"taxonomy":"product_brand","embeddable":true,"href":"https:\/\/www.multifrigo.pl\/sklep\/wp-json\/wp\/v2\/product_brand?post=8877"},{"taxonomy":"product_cat","embeddable":true,"href":"https:\/\/www.multifrigo.pl\/sklep\/wp-json\/wp\/v2\/product_cat?post=8877"},{"taxonomy":"product_tag","embeddable":true,"href":"https:\/\/www.multifrigo.pl\/sklep\/wp-json\/wp\/v2\/product_tag?post=8877"}],"curies":[{"name":"wp","href":"https:\/\/api.w.org\/{rel}","templated":true}]}}