{"id":8962,"date":"2024-07-03T12:55:15","date_gmt":"2024-07-03T12:55:15","guid":{"rendered":"https:\/\/multifrigo.pl\/sklep\/produkt\/kieliszek-do-wina-320-ml-timeless-pasabahce-400322\/"},"modified":"2025-05-19T11:27:08","modified_gmt":"2025-05-19T11:27:08","slug":"kieliszek-do-wina-320-ml-timeless-pasabahce-400322","status":"publish","type":"product","link":"https:\/\/www.multifrigo.pl\/sklep\/produkt\/kieliszek-do-wina-320-ml-timeless-pasabahce-400322\/","title":{"rendered":"Kieliszek do wina 320 ml Timeless | Pasabahce 400322"},"content":{"rendered":"<p><LI>profesjonalne szk\u0142o dla gastronomii  <LI>podana pojemno\u015b\u0107 jest pojemno\u015bci\u0105 ca\u0142kowit\u0105  <LI>cena za sztuk\u0119  <LI>sprzedawane w ilo\u015bciach kartonowych  <LI>przystosowane do cz\u0119stego mycia w zmywarce  <LI>zaprojektowane z my\u015bl\u0105 o cz\u0119stej eksploatacji  <LI>\u015brednica dna 75 mm  <\/p>\n","protected":false},"excerpt":{"rendered":"<p>profesjonalne szk\u0142o dla gastronomii podana pojemno\u015b\u0107 jest pojemno\u015bci\u0105 ca\u0142kowit\u0105 cena za sztuk\u0119 sprzedawane w ilo\u015bciach kartonowych przystosowane do cz\u0119stego mycia w zmywarce zaprojektowane z my\u015bl\u0105 o cz\u0119stej eksploatacji \u015brednica dna 75 mm<\/p>\n","protected":false},"featured_media":14389,"template":"","meta":{"_et_pb_use_builder":"","_et_pb_old_content":"","_et_gb_content_width":""},"pwb-brand":[266],"product_brand":[],"product_cat":[258],"product_tag":[],"class_list":{"0":"post-8962","1":"product","2":"type-product","3":"status-publish","4":"has-post-thumbnail","6":"pwb-brand-pasabahce","7":"product_cat-do-wina","9":"first","10":"instock","11":"taxable","12":"shipping-taxable","13":"purchasable","14":"product-type-simple"},"brands":[{"id":266,"name":"Pasabahce","slug":"pasabahce"}],"_links":{"self":[{"href":"https:\/\/www.multifrigo.pl\/sklep\/wp-json\/wp\/v2\/product\/8962","targetHints":{"allow":["GET"]}}],"collection":[{"href":"https:\/\/www.multifrigo.pl\/sklep\/wp-json\/wp\/v2\/product"}],"about":[{"href":"https:\/\/www.multifrigo.pl\/sklep\/wp-json\/wp\/v2\/types\/product"}],"wp:featuredmedia":[{"embeddable":true,"href":"https:\/\/www.multifrigo.pl\/sklep\/wp-json\/wp\/v2\/media\/14389"}],"wp:attachment":[{"href":"https:\/\/www.multifrigo.pl\/sklep\/wp-json\/wp\/v2\/media?parent=8962"}],"wp:term":[{"taxonomy":"pwb-brand","embeddable":true,"href":"https:\/\/www.multifrigo.pl\/sklep\/wp-json\/wp\/v2\/pwb-brand?post=8962"},{"taxonomy":"product_brand","embeddable":true,"href":"https:\/\/www.multifrigo.pl\/sklep\/wp-json\/wp\/v2\/product_brand?post=8962"},{"taxonomy":"product_cat","embeddable":true,"href":"https:\/\/www.multifrigo.pl\/sklep\/wp-json\/wp\/v2\/product_cat?post=8962"},{"taxonomy":"product_tag","embeddable":true,"href":"https:\/\/www.multifrigo.pl\/sklep\/wp-json\/wp\/v2\/product_tag?post=8962"}],"curies":[{"name":"wp","href":"https:\/\/api.w.org\/{rel}","templated":true}]}}