{"id":8992,"date":"2024-07-03T12:55:20","date_gmt":"2024-07-03T12:55:20","guid":{"rendered":"https:\/\/multifrigo.pl\/sklep\/produkt\/szklanka-do-wody-green-iride-v-255-ml-bormioli-rocco-400411\/"},"modified":"2025-05-19T11:27:22","modified_gmt":"2025-05-19T11:27:22","slug":"szklanka-do-wody-green-iride-v-255-ml-bormioli-rocco-400411","status":"publish","type":"product","link":"https:\/\/www.multifrigo.pl\/sklep\/produkt\/szklanka-do-wody-green-iride-v-255-ml-bormioli-rocco-400411\/","title":{"rendered":"Szklanka do wody, green, Iride, V 255 ml | Bormioli Rocco 400411"},"content":{"rendered":"<p><LI>sprzedawane w ilo\u015bciach kartonowych  <LI>podana pojemno\u015b\u0107 jest pojemno\u015bci\u0105 ca\u0142kowit\u0105  <LI>cena za sztuk\u0119  <LI>szklanka z barwionego prze\u017aroczystego szk\u0142a  <\/p>\n","protected":false},"excerpt":{"rendered":"<p>sprzedawane w ilo\u015bciach kartonowych podana pojemno\u015b\u0107 jest pojemno\u015bci\u0105 ca\u0142kowit\u0105 cena za sztuk\u0119 szklanka z barwionego prze\u017aroczystego szk\u0142a<\/p>\n","protected":false},"featured_media":14459,"template":"","meta":{"_et_pb_use_builder":"","_et_pb_old_content":"","_et_gb_content_width":""},"pwb-brand":[251],"product_brand":[],"product_cat":[277],"product_tag":[],"class_list":{"0":"post-8992","1":"product","2":"type-product","3":"status-publish","4":"has-post-thumbnail","6":"pwb-brand-bormioli-rocco","7":"product_cat-szklanki-do-wody","9":"first","10":"instock","11":"taxable","12":"shipping-taxable","13":"purchasable","14":"product-type-simple"},"brands":[{"id":251,"name":"Bormioli Rocco","slug":"bormioli-rocco"}],"_links":{"self":[{"href":"https:\/\/www.multifrigo.pl\/sklep\/wp-json\/wp\/v2\/product\/8992","targetHints":{"allow":["GET"]}}],"collection":[{"href":"https:\/\/www.multifrigo.pl\/sklep\/wp-json\/wp\/v2\/product"}],"about":[{"href":"https:\/\/www.multifrigo.pl\/sklep\/wp-json\/wp\/v2\/types\/product"}],"wp:featuredmedia":[{"embeddable":true,"href":"https:\/\/www.multifrigo.pl\/sklep\/wp-json\/wp\/v2\/media\/14459"}],"wp:attachment":[{"href":"https:\/\/www.multifrigo.pl\/sklep\/wp-json\/wp\/v2\/media?parent=8992"}],"wp:term":[{"taxonomy":"pwb-brand","embeddable":true,"href":"https:\/\/www.multifrigo.pl\/sklep\/wp-json\/wp\/v2\/pwb-brand?post=8992"},{"taxonomy":"product_brand","embeddable":true,"href":"https:\/\/www.multifrigo.pl\/sklep\/wp-json\/wp\/v2\/product_brand?post=8992"},{"taxonomy":"product_cat","embeddable":true,"href":"https:\/\/www.multifrigo.pl\/sklep\/wp-json\/wp\/v2\/product_cat?post=8992"},{"taxonomy":"product_tag","embeddable":true,"href":"https:\/\/www.multifrigo.pl\/sklep\/wp-json\/wp\/v2\/product_tag?post=8992"}],"curies":[{"name":"wp","href":"https:\/\/api.w.org\/{rel}","templated":true}]}}