{"id":9015,"date":"2024-07-03T12:55:23","date_gmt":"2024-07-03T12:55:23","guid":{"rendered":"https:\/\/multifrigo.pl\/sklep\/produkt\/szklanka-do-piwa-300-ml-bormioli-rocco-400536\/"},"modified":"2025-05-19T11:27:27","modified_gmt":"2025-05-19T11:27:27","slug":"szklanka-do-piwa-300-ml-bormioli-rocco-400536","status":"publish","type":"product","link":"https:\/\/www.multifrigo.pl\/sklep\/produkt\/szklanka-do-piwa-300-ml-bormioli-rocco-400536\/","title":{"rendered":"Szklanka do piwa 300 ml | Bormioli Rocco 400536"},"content":{"rendered":"<p><LI>wysokiej jako\u015bci szk\u0142o cechowane dedykowane do odbiorc\u00f3w z bran\u017cy Horeca  <LI>sprzedawane w ilo\u015bciach kartonowych  <LI>podana pojemno\u015b\u0107 jest pojemno\u015bci\u0105 ca\u0142kowit\u0105  <LI>cecha 0.3 l  <LI>cena za sztuk\u0119  <\/p>\n","protected":false},"excerpt":{"rendered":"<p>wysokiej jako\u015bci szk\u0142o cechowane dedykowane do odbiorc\u00f3w z bran\u017cy Horeca sprzedawane w ilo\u015bciach kartonowych podana pojemno\u015b\u0107 jest pojemno\u015bci\u0105 ca\u0142kowit\u0105 cecha 0.3 l cena za sztuk\u0119<\/p>\n","protected":false},"featured_media":14482,"template":"","meta":{"_et_pb_use_builder":"","_et_pb_old_content":"","_et_gb_content_width":""},"pwb-brand":[251],"product_brand":[],"product_cat":[265],"product_tag":[],"class_list":{"0":"post-9015","1":"product","2":"type-product","3":"status-publish","4":"has-post-thumbnail","6":"pwb-brand-bormioli-rocco","7":"product_cat-szklanki-do-piwa","9":"first","10":"instock","11":"taxable","12":"shipping-taxable","13":"purchasable","14":"product-type-simple"},"brands":[{"id":251,"name":"Bormioli Rocco","slug":"bormioli-rocco"}],"_links":{"self":[{"href":"https:\/\/www.multifrigo.pl\/sklep\/wp-json\/wp\/v2\/product\/9015","targetHints":{"allow":["GET"]}}],"collection":[{"href":"https:\/\/www.multifrigo.pl\/sklep\/wp-json\/wp\/v2\/product"}],"about":[{"href":"https:\/\/www.multifrigo.pl\/sklep\/wp-json\/wp\/v2\/types\/product"}],"wp:featuredmedia":[{"embeddable":true,"href":"https:\/\/www.multifrigo.pl\/sklep\/wp-json\/wp\/v2\/media\/14482"}],"wp:attachment":[{"href":"https:\/\/www.multifrigo.pl\/sklep\/wp-json\/wp\/v2\/media?parent=9015"}],"wp:term":[{"taxonomy":"pwb-brand","embeddable":true,"href":"https:\/\/www.multifrigo.pl\/sklep\/wp-json\/wp\/v2\/pwb-brand?post=9015"},{"taxonomy":"product_brand","embeddable":true,"href":"https:\/\/www.multifrigo.pl\/sklep\/wp-json\/wp\/v2\/product_brand?post=9015"},{"taxonomy":"product_cat","embeddable":true,"href":"https:\/\/www.multifrigo.pl\/sklep\/wp-json\/wp\/v2\/product_cat?post=9015"},{"taxonomy":"product_tag","embeddable":true,"href":"https:\/\/www.multifrigo.pl\/sklep\/wp-json\/wp\/v2\/product_tag?post=9015"}],"curies":[{"name":"wp","href":"https:\/\/api.w.org\/{rel}","templated":true}]}}