{"id":9021,"date":"2024-07-03T12:55:25","date_gmt":"2024-07-03T12:55:25","guid":{"rendered":"https:\/\/multifrigo.pl\/sklep\/produkt\/dekanter-restaurant-v-1610-ml-bormioli-rocco-400569\/"},"modified":"2025-05-19T11:53:38","modified_gmt":"2025-05-19T11:53:38","slug":"dekanter-restaurant-v-1610-ml-bormioli-rocco-400569","status":"publish","type":"product","link":"https:\/\/www.multifrigo.pl\/sklep\/produkt\/dekanter-restaurant-v-1610-ml-bormioli-rocco-400569\/","title":{"rendered":"Dekanter, Restaurant, V 1610 ml | Bormioli Rocco 400569"},"content":{"rendered":"<p><LI>wysokiej jako\u015bci szk\u0142o o du\u017cej transparentno\u015bci Star Glass  <LI>sprzedawane w ilo\u015bciach kartonowych  <LI>podana pojemno\u015b\u0107 jest pojemno\u015bci\u0105 ca\u0142kowit\u0105  <LI>cienkie kraw\u0119dzie dzi\u0119ki technice laserowej  <LI>cena za sztuk\u0119  <LI>nie posiada o\u0142owiu, nadaje si\u0119 do recyklingu  <\/p>\n","protected":false},"excerpt":{"rendered":"<p>wysokiej jako\u015bci szk\u0142o o du\u017cej transparentno\u015bci Star Glass sprzedawane w ilo\u015bciach kartonowych podana pojemno\u015b\u0107 jest pojemno\u015bci\u0105 ca\u0142kowit\u0105 cienkie kraw\u0119dzie dzi\u0119ki technice laserowej cena za sztuk\u0119 nie posiada o\u0142owiu, nadaje si\u0119 do recyklingu<\/p>\n","protected":false},"featured_media":14497,"template":"","meta":{"_et_pb_use_builder":"","_et_pb_old_content":"","_et_gb_content_width":""},"pwb-brand":[251],"product_brand":[],"product_cat":[274],"product_tag":[],"class_list":{"0":"post-9021","1":"product","2":"type-product","3":"status-publish","4":"has-post-thumbnail","6":"pwb-brand-bormioli-rocco","7":"product_cat-karafki","9":"first","10":"instock","11":"taxable","12":"shipping-taxable","13":"purchasable","14":"product-type-simple"},"brands":[{"id":251,"name":"Bormioli Rocco","slug":"bormioli-rocco"}],"_links":{"self":[{"href":"https:\/\/www.multifrigo.pl\/sklep\/wp-json\/wp\/v2\/product\/9021","targetHints":{"allow":["GET"]}}],"collection":[{"href":"https:\/\/www.multifrigo.pl\/sklep\/wp-json\/wp\/v2\/product"}],"about":[{"href":"https:\/\/www.multifrigo.pl\/sklep\/wp-json\/wp\/v2\/types\/product"}],"wp:featuredmedia":[{"embeddable":true,"href":"https:\/\/www.multifrigo.pl\/sklep\/wp-json\/wp\/v2\/media\/14497"}],"wp:attachment":[{"href":"https:\/\/www.multifrigo.pl\/sklep\/wp-json\/wp\/v2\/media?parent=9021"}],"wp:term":[{"taxonomy":"pwb-brand","embeddable":true,"href":"https:\/\/www.multifrigo.pl\/sklep\/wp-json\/wp\/v2\/pwb-brand?post=9021"},{"taxonomy":"product_brand","embeddable":true,"href":"https:\/\/www.multifrigo.pl\/sklep\/wp-json\/wp\/v2\/product_brand?post=9021"},{"taxonomy":"product_cat","embeddable":true,"href":"https:\/\/www.multifrigo.pl\/sklep\/wp-json\/wp\/v2\/product_cat?post=9021"},{"taxonomy":"product_tag","embeddable":true,"href":"https:\/\/www.multifrigo.pl\/sklep\/wp-json\/wp\/v2\/product_tag?post=9021"}],"curies":[{"name":"wp","href":"https:\/\/api.w.org\/{rel}","templated":true}]}}