{"id":9023,"date":"2024-07-03T12:55:25","date_gmt":"2024-07-03T12:55:25","guid":{"rendered":"https:\/\/multifrigo.pl\/sklep\/produkt\/butelka-kwadratowa-v-500-ml-bormioli-rocco-400572\/"},"modified":"2025-05-19T11:53:38","modified_gmt":"2025-05-19T11:53:38","slug":"butelka-kwadratowa-v-500-ml-bormioli-rocco-400572","status":"publish","type":"product","link":"https:\/\/www.multifrigo.pl\/sklep\/produkt\/butelka-kwadratowa-v-500-ml-bormioli-rocco-400572\/","title":{"rendered":"Butelka kwadratowa, V 500 ml | Bormioli Rocco 400572"},"content":{"rendered":"<p><LI>wysokiej jako\u015bci szk\u0142o do serwowania  <LI>podana pojemno\u015b\u0107 jest pojemno\u015bci\u0105 ca\u0142kowit\u0105  <LI>sprzedawane w ilo\u015bciach kartonowych  <LI>cena za sztuk\u0119  <\/p>\n","protected":false},"excerpt":{"rendered":"<p>wysokiej jako\u015bci szk\u0142o do serwowania podana pojemno\u015b\u0107 jest pojemno\u015bci\u0105 ca\u0142kowit\u0105 sprzedawane w ilo\u015bciach kartonowych cena za sztuk\u0119<\/p>\n","protected":false},"featured_media":14500,"template":"","meta":{"_et_pb_use_builder":"","_et_pb_old_content":"","_et_gb_content_width":""},"pwb-brand":[251],"product_brand":[],"product_cat":[278],"product_tag":[],"class_list":{"0":"post-9023","1":"product","2":"type-product","3":"status-publish","4":"has-post-thumbnail","6":"pwb-brand-bormioli-rocco","7":"product_cat-butelki","9":"first","10":"instock","11":"taxable","12":"shipping-taxable","13":"purchasable","14":"product-type-simple"},"brands":[{"id":251,"name":"Bormioli Rocco","slug":"bormioli-rocco"}],"_links":{"self":[{"href":"https:\/\/www.multifrigo.pl\/sklep\/wp-json\/wp\/v2\/product\/9023","targetHints":{"allow":["GET"]}}],"collection":[{"href":"https:\/\/www.multifrigo.pl\/sklep\/wp-json\/wp\/v2\/product"}],"about":[{"href":"https:\/\/www.multifrigo.pl\/sklep\/wp-json\/wp\/v2\/types\/product"}],"wp:featuredmedia":[{"embeddable":true,"href":"https:\/\/www.multifrigo.pl\/sklep\/wp-json\/wp\/v2\/media\/14500"}],"wp:attachment":[{"href":"https:\/\/www.multifrigo.pl\/sklep\/wp-json\/wp\/v2\/media?parent=9023"}],"wp:term":[{"taxonomy":"pwb-brand","embeddable":true,"href":"https:\/\/www.multifrigo.pl\/sklep\/wp-json\/wp\/v2\/pwb-brand?post=9023"},{"taxonomy":"product_brand","embeddable":true,"href":"https:\/\/www.multifrigo.pl\/sklep\/wp-json\/wp\/v2\/product_brand?post=9023"},{"taxonomy":"product_cat","embeddable":true,"href":"https:\/\/www.multifrigo.pl\/sklep\/wp-json\/wp\/v2\/product_cat?post=9023"},{"taxonomy":"product_tag","embeddable":true,"href":"https:\/\/www.multifrigo.pl\/sklep\/wp-json\/wp\/v2\/product_tag?post=9023"}],"curies":[{"name":"wp","href":"https:\/\/api.w.org\/{rel}","templated":true}]}}