{"id":9036,"date":"2024-07-03T12:55:27","date_gmt":"2024-07-03T12:55:27","guid":{"rendered":"https:\/\/multifrigo.pl\/sklep\/produkt\/szklanka-wysoka-rock-bar-360-ml-bormioli-rocco-400616\/"},"modified":"2025-05-19T11:53:43","modified_gmt":"2025-05-19T11:53:43","slug":"szklanka-wysoka-rock-bar-360-ml-bormioli-rocco-400616","status":"publish","type":"product","link":"https:\/\/www.multifrigo.pl\/sklep\/produkt\/szklanka-wysoka-rock-bar-360-ml-bormioli-rocco-400616\/","title":{"rendered":"Szklanka wysoka, Rock Bar, 360 ml | Bormioli Rocco 400616"},"content":{"rendered":"<p><LI>profesjonalne szk\u0142o dla gastronomii  <LI>podana pojemno\u015b\u0107 w tabeli jest ca\u0142kowita  <LI>sprzedawane w ilo\u015bciach kartonowych  <LI>cena za sztuk\u0119  <LI>mo\u017cliwo\u015b\u0107 sztaplowania  <\/p>\n","protected":false},"excerpt":{"rendered":"<p>profesjonalne szk\u0142o dla gastronomii podana pojemno\u015b\u0107 w tabeli jest ca\u0142kowita sprzedawane w ilo\u015bciach kartonowych cena za sztuk\u0119 mo\u017cliwo\u015b\u0107 sztaplowania<\/p>\n","protected":false},"featured_media":14517,"template":"","meta":{"_et_pb_use_builder":"","_et_pb_old_content":"","_et_gb_content_width":""},"pwb-brand":[251],"product_brand":[],"product_cat":[263],"product_tag":[],"class_list":{"0":"post-9036","1":"product","2":"type-product","3":"status-publish","4":"has-post-thumbnail","6":"pwb-brand-bormioli-rocco","7":"product_cat-szklanki-wysokie","9":"first","10":"instock","11":"taxable","12":"shipping-taxable","13":"purchasable","14":"product-type-simple"},"brands":[{"id":251,"name":"Bormioli Rocco","slug":"bormioli-rocco"}],"_links":{"self":[{"href":"https:\/\/www.multifrigo.pl\/sklep\/wp-json\/wp\/v2\/product\/9036","targetHints":{"allow":["GET"]}}],"collection":[{"href":"https:\/\/www.multifrigo.pl\/sklep\/wp-json\/wp\/v2\/product"}],"about":[{"href":"https:\/\/www.multifrigo.pl\/sklep\/wp-json\/wp\/v2\/types\/product"}],"wp:featuredmedia":[{"embeddable":true,"href":"https:\/\/www.multifrigo.pl\/sklep\/wp-json\/wp\/v2\/media\/14517"}],"wp:attachment":[{"href":"https:\/\/www.multifrigo.pl\/sklep\/wp-json\/wp\/v2\/media?parent=9036"}],"wp:term":[{"taxonomy":"pwb-brand","embeddable":true,"href":"https:\/\/www.multifrigo.pl\/sklep\/wp-json\/wp\/v2\/pwb-brand?post=9036"},{"taxonomy":"product_brand","embeddable":true,"href":"https:\/\/www.multifrigo.pl\/sklep\/wp-json\/wp\/v2\/product_brand?post=9036"},{"taxonomy":"product_cat","embeddable":true,"href":"https:\/\/www.multifrigo.pl\/sklep\/wp-json\/wp\/v2\/product_cat?post=9036"},{"taxonomy":"product_tag","embeddable":true,"href":"https:\/\/www.multifrigo.pl\/sklep\/wp-json\/wp\/v2\/product_tag?post=9036"}],"curies":[{"name":"wp","href":"https:\/\/api.w.org\/{rel}","templated":true}]}}