{"id":9043,"date":"2024-07-03T12:55:28","date_gmt":"2024-07-03T12:55:28","guid":{"rendered":"https:\/\/multifrigo.pl\/sklep\/produkt\/kubek-320-ml-stalgast-400904\/"},"modified":"2025-05-19T11:53:46","modified_gmt":"2025-05-19T11:53:46","slug":"kubek-320-ml-stalgast-400904","status":"publish","type":"product","link":"https:\/\/www.multifrigo.pl\/sklep\/produkt\/kubek-320-ml-stalgast-400904\/","title":{"rendered":"Kubek 320 ml | Stalgast 400904"},"content":{"rendered":"<p><LI>szklanki termiczne wykonane zosta\u0142y z ultralekkiego i \u017caroodpornego szk\u0142a w technologii podw\u00f3jnych \u015bcianek  <LI>sprzedawane w ilo\u015bciach kartonowych  <LI>podana pojemno\u015b\u0107 jest pojemno\u015bci\u0105 ca\u0142kowit\u0105  <LI>cena za sztuk\u0119  <\/p>\n","protected":false},"excerpt":{"rendered":"<p>szklanki termiczne wykonane zosta\u0142y z ultralekkiego i \u017caroodpornego szk\u0142a w technologii podw\u00f3jnych \u015bcianek sprzedawane w ilo\u015bciach kartonowych podana pojemno\u015b\u0107 jest pojemno\u015bci\u0105 ca\u0142kowit\u0105 cena za sztuk\u0119<\/p>\n","protected":false},"featured_media":14524,"template":"","meta":{"_et_pb_use_builder":"","_et_pb_old_content":"","_et_gb_content_width":""},"pwb-brand":[62],"product_brand":[],"product_cat":[279],"product_tag":[],"class_list":{"0":"post-9043","1":"product","2":"type-product","3":"status-publish","4":"has-post-thumbnail","6":"pwb-brand-stalgast","7":"product_cat-kubki-szklo","9":"first","10":"instock","11":"taxable","12":"shipping-taxable","13":"purchasable","14":"product-type-simple"},"brands":[{"id":62,"name":"Stalgast","slug":"stalgast"}],"_links":{"self":[{"href":"https:\/\/www.multifrigo.pl\/sklep\/wp-json\/wp\/v2\/product\/9043","targetHints":{"allow":["GET"]}}],"collection":[{"href":"https:\/\/www.multifrigo.pl\/sklep\/wp-json\/wp\/v2\/product"}],"about":[{"href":"https:\/\/www.multifrigo.pl\/sklep\/wp-json\/wp\/v2\/types\/product"}],"wp:featuredmedia":[{"embeddable":true,"href":"https:\/\/www.multifrigo.pl\/sklep\/wp-json\/wp\/v2\/media\/14524"}],"wp:attachment":[{"href":"https:\/\/www.multifrigo.pl\/sklep\/wp-json\/wp\/v2\/media?parent=9043"}],"wp:term":[{"taxonomy":"pwb-brand","embeddable":true,"href":"https:\/\/www.multifrigo.pl\/sklep\/wp-json\/wp\/v2\/pwb-brand?post=9043"},{"taxonomy":"product_brand","embeddable":true,"href":"https:\/\/www.multifrigo.pl\/sklep\/wp-json\/wp\/v2\/product_brand?post=9043"},{"taxonomy":"product_cat","embeddable":true,"href":"https:\/\/www.multifrigo.pl\/sklep\/wp-json\/wp\/v2\/product_cat?post=9043"},{"taxonomy":"product_tag","embeddable":true,"href":"https:\/\/www.multifrigo.pl\/sklep\/wp-json\/wp\/v2\/product_tag?post=9043"}],"curies":[{"name":"wp","href":"https:\/\/api.w.org\/{rel}","templated":true}]}}