{"id":9056,"date":"2024-07-03T12:55:31","date_gmt":"2024-07-03T12:55:31","guid":{"rendered":"https:\/\/multifrigo.pl\/sklep\/produkt\/szklanka-niska-timeless-szara-v-350-ml-pasabahce-401341\/"},"modified":"2025-05-19T11:53:52","modified_gmt":"2025-05-19T11:53:52","slug":"szklanka-niska-timeless-szara-v-350-ml-pasabahce-401341","status":"publish","type":"product","link":"https:\/\/www.multifrigo.pl\/sklep\/produkt\/szklanka-niska-timeless-szara-v-350-ml-pasabahce-401341\/","title":{"rendered":"Szklanka niska, Timeless, szara, V 350 ml | Pasabahce 401341"},"content":{"rendered":"<p><LI>profesjonalne szk\u0142o dla gastronomii  <LI>\u015brednica dna 79 mm  <LI>gwarancja trwa\u0142o\u015bci koloru  <LI>sprzedawane w ilo\u015bciach kartonowych  <LI>cena za sztuk\u0119  <LI>idealne rozwi\u0105zanie do sal bankietowych, restauracji, kawiarni, bar\u00f3w i innych  <\/p>\n","protected":false},"excerpt":{"rendered":"<p>profesjonalne szk\u0142o dla gastronomii \u015brednica dna 79 mm gwarancja trwa\u0142o\u015bci koloru sprzedawane w ilo\u015bciach kartonowych cena za sztuk\u0119 idealne rozwi\u0105zanie do sal bankietowych, restauracji, kawiarni, bar\u00f3w i innych<\/p>\n","protected":false},"featured_media":14539,"template":"","meta":{"_et_pb_use_builder":"","_et_pb_old_content":"","_et_gb_content_width":""},"pwb-brand":[266],"product_brand":[],"product_cat":[262],"product_tag":[],"class_list":{"0":"post-9056","1":"product","2":"type-product","3":"status-publish","4":"has-post-thumbnail","6":"pwb-brand-pasabahce","7":"product_cat-szklanki-niskie","9":"first","10":"instock","11":"taxable","12":"shipping-taxable","13":"purchasable","14":"product-type-simple"},"brands":[{"id":266,"name":"Pasabahce","slug":"pasabahce"}],"_links":{"self":[{"href":"https:\/\/www.multifrigo.pl\/sklep\/wp-json\/wp\/v2\/product\/9056","targetHints":{"allow":["GET"]}}],"collection":[{"href":"https:\/\/www.multifrigo.pl\/sklep\/wp-json\/wp\/v2\/product"}],"about":[{"href":"https:\/\/www.multifrigo.pl\/sklep\/wp-json\/wp\/v2\/types\/product"}],"wp:featuredmedia":[{"embeddable":true,"href":"https:\/\/www.multifrigo.pl\/sklep\/wp-json\/wp\/v2\/media\/14539"}],"wp:attachment":[{"href":"https:\/\/www.multifrigo.pl\/sklep\/wp-json\/wp\/v2\/media?parent=9056"}],"wp:term":[{"taxonomy":"pwb-brand","embeddable":true,"href":"https:\/\/www.multifrigo.pl\/sklep\/wp-json\/wp\/v2\/pwb-brand?post=9056"},{"taxonomy":"product_brand","embeddable":true,"href":"https:\/\/www.multifrigo.pl\/sklep\/wp-json\/wp\/v2\/product_brand?post=9056"},{"taxonomy":"product_cat","embeddable":true,"href":"https:\/\/www.multifrigo.pl\/sklep\/wp-json\/wp\/v2\/product_cat?post=9056"},{"taxonomy":"product_tag","embeddable":true,"href":"https:\/\/www.multifrigo.pl\/sklep\/wp-json\/wp\/v2\/product_tag?post=9056"}],"curies":[{"name":"wp","href":"https:\/\/api.w.org\/{rel}","templated":true}]}}