{"id":9057,"date":"2024-07-03T12:55:31","date_gmt":"2024-07-03T12:55:31","guid":{"rendered":"https:\/\/multifrigo.pl\/sklep\/produkt\/szklanka-wysoka-linka-niebieska-v-500-ml-pasabahce-401350\/"},"modified":"2025-05-19T11:53:53","modified_gmt":"2025-05-19T11:53:53","slug":"szklanka-wysoka-linka-niebieska-v-500-ml-pasabahce-401350","status":"publish","type":"product","link":"https:\/\/www.multifrigo.pl\/sklep\/produkt\/szklanka-wysoka-linka-niebieska-v-500-ml-pasabahce-401350\/","title":{"rendered":"Szklanka wysoka, Linka, niebieska, V 500 ml | Pasabahce 401350"},"content":{"rendered":"<p><LI>profesjonalne szk\u0142o dla gastronomii  <LI>\u015brednica dna 50 mm  <LI>sprzedawane w ilo\u015bciach kartonowych  <LI>cena za sztuk\u0119  <LI>idealne rozwi\u0105zanie do sal bankietowych, restauracji, kawiarni, bar\u00f3w i innych  <\/p>\n","protected":false},"excerpt":{"rendered":"<p>profesjonalne szk\u0142o dla gastronomii \u015brednica dna 50 mm sprzedawane w ilo\u015bciach kartonowych cena za sztuk\u0119 idealne rozwi\u0105zanie do sal bankietowych, restauracji, kawiarni, bar\u00f3w i innych<\/p>\n","protected":false},"featured_media":14540,"template":"","meta":{"_et_pb_use_builder":"","_et_pb_old_content":"","_et_gb_content_width":""},"pwb-brand":[266],"product_brand":[],"product_cat":[263],"product_tag":[],"class_list":{"0":"post-9057","1":"product","2":"type-product","3":"status-publish","4":"has-post-thumbnail","6":"pwb-brand-pasabahce","7":"product_cat-szklanki-wysokie","9":"first","10":"instock","11":"taxable","12":"shipping-taxable","13":"purchasable","14":"product-type-simple"},"brands":[{"id":266,"name":"Pasabahce","slug":"pasabahce"}],"_links":{"self":[{"href":"https:\/\/www.multifrigo.pl\/sklep\/wp-json\/wp\/v2\/product\/9057","targetHints":{"allow":["GET"]}}],"collection":[{"href":"https:\/\/www.multifrigo.pl\/sklep\/wp-json\/wp\/v2\/product"}],"about":[{"href":"https:\/\/www.multifrigo.pl\/sklep\/wp-json\/wp\/v2\/types\/product"}],"wp:featuredmedia":[{"embeddable":true,"href":"https:\/\/www.multifrigo.pl\/sklep\/wp-json\/wp\/v2\/media\/14540"}],"wp:attachment":[{"href":"https:\/\/www.multifrigo.pl\/sklep\/wp-json\/wp\/v2\/media?parent=9057"}],"wp:term":[{"taxonomy":"pwb-brand","embeddable":true,"href":"https:\/\/www.multifrigo.pl\/sklep\/wp-json\/wp\/v2\/pwb-brand?post=9057"},{"taxonomy":"product_brand","embeddable":true,"href":"https:\/\/www.multifrigo.pl\/sklep\/wp-json\/wp\/v2\/product_brand?post=9057"},{"taxonomy":"product_cat","embeddable":true,"href":"https:\/\/www.multifrigo.pl\/sklep\/wp-json\/wp\/v2\/product_cat?post=9057"},{"taxonomy":"product_tag","embeddable":true,"href":"https:\/\/www.multifrigo.pl\/sklep\/wp-json\/wp\/v2\/product_tag?post=9057"}],"curies":[{"name":"wp","href":"https:\/\/api.w.org\/{rel}","templated":true}]}}