{"id":9095,"date":"2024-07-03T12:55:38","date_gmt":"2024-07-03T12:55:38","guid":{"rendered":"https:\/\/multifrigo.pl\/sklep\/produkt\/taca-fast-food-szara-350x450-mm-stalgast-413355\/"},"modified":"2025-05-19T11:54:16","modified_gmt":"2025-05-19T11:54:16","slug":"taca-fast-food-szara-350x450-mm-stalgast-413355","status":"publish","type":"product","link":"https:\/\/www.multifrigo.pl\/sklep\/produkt\/taca-fast-food-szara-350x450-mm-stalgast-413355\/","title":{"rendered":"Taca fast food, szara, 350&#215;450 mm | Stalgast 413355"},"content":{"rendered":"<p><LI>polecane do ma\u0142ej i \u015bredniej gastronomii  <LI>dost\u0119pne w 6 wersjach kolorystycznych i 3 najpopularniejszych rozmiarach  <LI>zaokr\u0105glone kraw\u0119dzie u\u0142atwiaj\u0105 utrzymanie czysto\u015bci  <LI>\u0142atwe do utrzymania w czysto\u015bci  <\/p>\n","protected":false},"excerpt":{"rendered":"<p>polecane do ma\u0142ej i \u015bredniej gastronomii dost\u0119pne w 6 wersjach kolorystycznych i 3 najpopularniejszych rozmiarach zaokr\u0105glone kraw\u0119dzie u\u0142atwiaj\u0105 utrzymanie czysto\u015bci \u0142atwe do utrzymania w czysto\u015bci<\/p>\n","protected":false},"featured_media":14585,"template":"","meta":{"_et_pb_use_builder":"","_et_pb_old_content":"","_et_gb_content_width":""},"pwb-brand":[62],"product_brand":[],"product_cat":[286],"product_tag":[],"class_list":{"0":"post-9095","1":"product","2":"type-product","3":"status-publish","4":"has-post-thumbnail","6":"pwb-brand-stalgast","7":"product_cat-tace-antyposlizgowe","9":"first","10":"instock","11":"taxable","12":"shipping-taxable","13":"purchasable","14":"product-type-simple"},"brands":[{"id":62,"name":"Stalgast","slug":"stalgast"}],"_links":{"self":[{"href":"https:\/\/www.multifrigo.pl\/sklep\/wp-json\/wp\/v2\/product\/9095","targetHints":{"allow":["GET"]}}],"collection":[{"href":"https:\/\/www.multifrigo.pl\/sklep\/wp-json\/wp\/v2\/product"}],"about":[{"href":"https:\/\/www.multifrigo.pl\/sklep\/wp-json\/wp\/v2\/types\/product"}],"wp:featuredmedia":[{"embeddable":true,"href":"https:\/\/www.multifrigo.pl\/sklep\/wp-json\/wp\/v2\/media\/14585"}],"wp:attachment":[{"href":"https:\/\/www.multifrigo.pl\/sklep\/wp-json\/wp\/v2\/media?parent=9095"}],"wp:term":[{"taxonomy":"pwb-brand","embeddable":true,"href":"https:\/\/www.multifrigo.pl\/sklep\/wp-json\/wp\/v2\/pwb-brand?post=9095"},{"taxonomy":"product_brand","embeddable":true,"href":"https:\/\/www.multifrigo.pl\/sklep\/wp-json\/wp\/v2\/product_brand?post=9095"},{"taxonomy":"product_cat","embeddable":true,"href":"https:\/\/www.multifrigo.pl\/sklep\/wp-json\/wp\/v2\/product_cat?post=9095"},{"taxonomy":"product_tag","embeddable":true,"href":"https:\/\/www.multifrigo.pl\/sklep\/wp-json\/wp\/v2\/product_tag?post=9095"}],"curies":[{"name":"wp","href":"https:\/\/api.w.org\/{rel}","templated":true}]}}