{"id":9105,"date":"2024-07-03T12:55:39","date_gmt":"2024-07-03T12:55:39","guid":{"rendered":"https:\/\/multifrigo.pl\/sklep\/produkt\/taca-laminowana-czarna-matowa-gn-1-1-stalgast-414533\/"},"modified":"2025-05-19T11:54:20","modified_gmt":"2025-05-19T11:54:20","slug":"taca-laminowana-czarna-matowa-gn-1-1-stalgast-414533","status":"publish","type":"product","link":"https:\/\/www.multifrigo.pl\/sklep\/produkt\/taca-laminowana-czarna-matowa-gn-1-1-stalgast-414533\/","title":{"rendered":"Taca laminowana, czarna, matowa, GN 1\/1 | Stalgast 414533"},"content":{"rendered":"<p><LI>prostok\u0105tna  <LI>antypo\u015blizgowa  <LI>czarna laminowana  <LI>nie wyparza\u0107  <LI>wysoko\u015b\u0107 rantu 15 mm  <LI>odporno\u015b\u0107 na temperatury w zakresie -10\/+80 stopni C  <LI>nie zaleca si\u0119 mycia w zmywarce  <\/p>\n","protected":false},"excerpt":{"rendered":"<p>prostok\u0105tna antypo\u015blizgowa czarna laminowana nie wyparza\u0107 wysoko\u015b\u0107 rantu 15 mm odporno\u015b\u0107 na temperatury w zakresie -10\/+80 stopni C nie zaleca si\u0119 mycia w zmywarce<\/p>\n","protected":false},"featured_media":14595,"template":"","meta":{"_et_pb_use_builder":"","_et_pb_old_content":"","_et_gb_content_width":""},"pwb-brand":[62],"product_brand":[],"product_cat":[285],"product_tag":[],"class_list":{"0":"post-9105","1":"product","2":"type-product","3":"status-publish","4":"has-post-thumbnail","6":"pwb-brand-stalgast","7":"product_cat-tace-kelnerskie","9":"first","10":"instock","11":"taxable","12":"shipping-taxable","13":"purchasable","14":"product-type-simple"},"brands":[{"id":62,"name":"Stalgast","slug":"stalgast"}],"_links":{"self":[{"href":"https:\/\/www.multifrigo.pl\/sklep\/wp-json\/wp\/v2\/product\/9105","targetHints":{"allow":["GET"]}}],"collection":[{"href":"https:\/\/www.multifrigo.pl\/sklep\/wp-json\/wp\/v2\/product"}],"about":[{"href":"https:\/\/www.multifrigo.pl\/sklep\/wp-json\/wp\/v2\/types\/product"}],"wp:featuredmedia":[{"embeddable":true,"href":"https:\/\/www.multifrigo.pl\/sklep\/wp-json\/wp\/v2\/media\/14595"}],"wp:attachment":[{"href":"https:\/\/www.multifrigo.pl\/sklep\/wp-json\/wp\/v2\/media?parent=9105"}],"wp:term":[{"taxonomy":"pwb-brand","embeddable":true,"href":"https:\/\/www.multifrigo.pl\/sklep\/wp-json\/wp\/v2\/pwb-brand?post=9105"},{"taxonomy":"product_brand","embeddable":true,"href":"https:\/\/www.multifrigo.pl\/sklep\/wp-json\/wp\/v2\/product_brand?post=9105"},{"taxonomy":"product_cat","embeddable":true,"href":"https:\/\/www.multifrigo.pl\/sklep\/wp-json\/wp\/v2\/product_cat?post=9105"},{"taxonomy":"product_tag","embeddable":true,"href":"https:\/\/www.multifrigo.pl\/sklep\/wp-json\/wp\/v2\/product_tag?post=9105"}],"curies":[{"name":"wp","href":"https:\/\/api.w.org\/{rel}","templated":true}]}}