{"id":9106,"date":"2024-07-03T12:55:40","date_gmt":"2024-07-03T12:55:40","guid":{"rendered":"https:\/\/multifrigo.pl\/sklep\/produkt\/stojak-pod-tace-skladany-stalgast-415000\/"},"modified":"2025-05-19T11:54:20","modified_gmt":"2025-05-19T11:54:20","slug":"stojak-pod-tace-skladany-stalgast-415000","status":"publish","type":"product","link":"https:\/\/www.multifrigo.pl\/sklep\/produkt\/stojak-pod-tace-skladany-stalgast-415000\/","title":{"rendered":"Stojak pod tace, sk\u0142adany | Stalgast 415000"},"content":{"rendered":"<p><LI>mo\u017cliwo\u015b\u0107 sk\u0142adania  <LI>plastikowe n\u00f3\u017cki zabezpieczaj\u0105ce przed uszkodzeniem pod\u0142ogi  <LI>pasy podtrzymuj\u0105ce tace  <\/p>\n","protected":false},"excerpt":{"rendered":"<p>mo\u017cliwo\u015b\u0107 sk\u0142adania plastikowe n\u00f3\u017cki zabezpieczaj\u0105ce przed uszkodzeniem pod\u0142ogi pasy podtrzymuj\u0105ce tace<\/p>\n","protected":false},"featured_media":14596,"template":"","meta":{"_et_pb_use_builder":"","_et_pb_old_content":"","_et_gb_content_width":""},"pwb-brand":[62],"product_brand":[],"product_cat":[287],"product_tag":[],"class_list":{"0":"post-9106","1":"product","2":"type-product","3":"status-publish","4":"has-post-thumbnail","6":"pwb-brand-stalgast","7":"product_cat-stojaki-na-tace","9":"first","10":"instock","11":"taxable","12":"shipping-taxable","13":"purchasable","14":"product-type-simple"},"brands":[{"id":62,"name":"Stalgast","slug":"stalgast"}],"_links":{"self":[{"href":"https:\/\/www.multifrigo.pl\/sklep\/wp-json\/wp\/v2\/product\/9106","targetHints":{"allow":["GET"]}}],"collection":[{"href":"https:\/\/www.multifrigo.pl\/sklep\/wp-json\/wp\/v2\/product"}],"about":[{"href":"https:\/\/www.multifrigo.pl\/sklep\/wp-json\/wp\/v2\/types\/product"}],"wp:featuredmedia":[{"embeddable":true,"href":"https:\/\/www.multifrigo.pl\/sklep\/wp-json\/wp\/v2\/media\/14596"}],"wp:attachment":[{"href":"https:\/\/www.multifrigo.pl\/sklep\/wp-json\/wp\/v2\/media?parent=9106"}],"wp:term":[{"taxonomy":"pwb-brand","embeddable":true,"href":"https:\/\/www.multifrigo.pl\/sklep\/wp-json\/wp\/v2\/pwb-brand?post=9106"},{"taxonomy":"product_brand","embeddable":true,"href":"https:\/\/www.multifrigo.pl\/sklep\/wp-json\/wp\/v2\/product_brand?post=9106"},{"taxonomy":"product_cat","embeddable":true,"href":"https:\/\/www.multifrigo.pl\/sklep\/wp-json\/wp\/v2\/product_cat?post=9106"},{"taxonomy":"product_tag","embeddable":true,"href":"https:\/\/www.multifrigo.pl\/sklep\/wp-json\/wp\/v2\/product_tag?post=9106"}],"curies":[{"name":"wp","href":"https:\/\/api.w.org\/{rel}","templated":true}]}}