{"id":9110,"date":"2024-07-03T12:55:41","date_gmt":"2024-07-03T12:55:41","guid":{"rendered":"https:\/\/multifrigo.pl\/sklep\/produkt\/witryna-do-serwowania-gn-1-1-z-wkladem-chlodzacym-sunnex-419100\/"},"modified":"2025-05-19T11:54:22","modified_gmt":"2025-05-19T11:54:22","slug":"witryna-do-serwowania-gn-1-1-z-wkladem-chlodzacym-sunnex-419100","status":"publish","type":"product","link":"https:\/\/www.multifrigo.pl\/sklep\/produkt\/witryna-do-serwowania-gn-1-1-z-wkladem-chlodzacym-sunnex-419100\/","title":{"rendered":"Witryna do serwowania GN 1\/1 z wk\u0142adem ch\u0142odz\u0105cym | Sunnex 419100"},"content":{"rendered":"<p><LI>w komplecie: 1 wk\u0142ad ch\u0142odniczy  <LI>pokrywa z poliw\u0119glanu Roll-Top otwierana o 90\u00b0C  <LI>taca stalowa GN 1\/1 20  <LI>czarny pojemnik z poliw\u0119glanu GN 1\/1 65  <LI>dodatkow\u0105 pokryw\u0119 z poliw\u0119glanu mo\u017cna kupi\u0107 oddzielnie pod kodem 419000  <\/p>\n","protected":false},"excerpt":{"rendered":"<p>w komplecie: 1 wk\u0142ad ch\u0142odniczy pokrywa z poliw\u0119glanu Roll-Top otwierana o 90\u00b0C taca stalowa GN 1\/1 20 czarny pojemnik z poliw\u0119glanu GN 1\/1 65 dodatkow\u0105 pokryw\u0119 z poliw\u0119glanu mo\u017cna kupi\u0107 oddzielnie pod kodem 419000<\/p>\n","protected":false},"featured_media":14611,"template":"","meta":{"_et_pb_use_builder":"","_et_pb_old_content":"","_et_gb_content_width":""},"pwb-brand":[117],"product_brand":[],"product_cat":[288],"product_tag":[],"class_list":{"0":"post-9110","1":"product","2":"type-product","3":"status-publish","4":"has-post-thumbnail","6":"pwb-brand-sunnex","7":"product_cat-witrynki-bufetowe","9":"first","10":"instock","11":"taxable","12":"shipping-taxable","13":"purchasable","14":"product-type-simple"},"brands":[{"id":117,"name":"Sunnex","slug":"sunnex"}],"_links":{"self":[{"href":"https:\/\/www.multifrigo.pl\/sklep\/wp-json\/wp\/v2\/product\/9110","targetHints":{"allow":["GET"]}}],"collection":[{"href":"https:\/\/www.multifrigo.pl\/sklep\/wp-json\/wp\/v2\/product"}],"about":[{"href":"https:\/\/www.multifrigo.pl\/sklep\/wp-json\/wp\/v2\/types\/product"}],"wp:featuredmedia":[{"embeddable":true,"href":"https:\/\/www.multifrigo.pl\/sklep\/wp-json\/wp\/v2\/media\/14611"}],"wp:attachment":[{"href":"https:\/\/www.multifrigo.pl\/sklep\/wp-json\/wp\/v2\/media?parent=9110"}],"wp:term":[{"taxonomy":"pwb-brand","embeddable":true,"href":"https:\/\/www.multifrigo.pl\/sklep\/wp-json\/wp\/v2\/pwb-brand?post=9110"},{"taxonomy":"product_brand","embeddable":true,"href":"https:\/\/www.multifrigo.pl\/sklep\/wp-json\/wp\/v2\/product_brand?post=9110"},{"taxonomy":"product_cat","embeddable":true,"href":"https:\/\/www.multifrigo.pl\/sklep\/wp-json\/wp\/v2\/product_cat?post=9110"},{"taxonomy":"product_tag","embeddable":true,"href":"https:\/\/www.multifrigo.pl\/sklep\/wp-json\/wp\/v2\/product_tag?post=9110"}],"curies":[{"name":"wp","href":"https:\/\/api.w.org\/{rel}","templated":true}]}}