{"id":9135,"date":"2024-07-03T12:55:46","date_gmt":"2024-07-03T12:55:46","guid":{"rendered":"https:\/\/multifrigo.pl\/sklep\/produkt\/grzalka-do-podgrzewaczy-350w-sunnex-430350\/"},"modified":"2025-05-19T11:54:52","modified_gmt":"2025-05-19T11:54:52","slug":"grzalka-do-podgrzewaczy-350w-sunnex-430350","status":"publish","type":"product","link":"https:\/\/www.multifrigo.pl\/sklep\/produkt\/grzalka-do-podgrzewaczy-350w-sunnex-430350\/","title":{"rendered":"Grza\u0142ka do podgrzewaczy 350W | Sunnex 430350"},"content":{"rendered":"<p><LI>temperatura 65-95\u00b0C  <LI>\u0142atwy monta\u017c i demonta\u017c  <LI>wysoko\u015b\u0107 max. 115 mm\/min. 90 mm  <LI>przeznaczony do podgrzewaczy: 433240, 434090, 436110, 437010, 437011, 437030  <\/p>\n","protected":false},"excerpt":{"rendered":"<p>temperatura 65-95\u00b0C \u0142atwy monta\u017c i demonta\u017c wysoko\u015b\u0107 max. 115 mm\/min. 90 mm przeznaczony do podgrzewaczy: 433240, 434090, 436110, 437010, 437011, 437030<\/p>\n","protected":false},"featured_media":14646,"template":"","meta":{"_et_pb_use_builder":"","_et_pb_old_content":"","_et_gb_content_width":""},"pwb-brand":[117],"product_brand":[],"product_cat":[291],"product_tag":[],"class_list":{"0":"post-9135","1":"product","2":"type-product","3":"status-publish","4":"has-post-thumbnail","6":"pwb-brand-sunnex","7":"product_cat-grzalki-do-podgrzewaczy","9":"first","10":"instock","11":"taxable","12":"shipping-taxable","13":"purchasable","14":"product-type-simple"},"brands":[{"id":117,"name":"Sunnex","slug":"sunnex"}],"_links":{"self":[{"href":"https:\/\/www.multifrigo.pl\/sklep\/wp-json\/wp\/v2\/product\/9135","targetHints":{"allow":["GET"]}}],"collection":[{"href":"https:\/\/www.multifrigo.pl\/sklep\/wp-json\/wp\/v2\/product"}],"about":[{"href":"https:\/\/www.multifrigo.pl\/sklep\/wp-json\/wp\/v2\/types\/product"}],"wp:featuredmedia":[{"embeddable":true,"href":"https:\/\/www.multifrigo.pl\/sklep\/wp-json\/wp\/v2\/media\/14646"}],"wp:attachment":[{"href":"https:\/\/www.multifrigo.pl\/sklep\/wp-json\/wp\/v2\/media?parent=9135"}],"wp:term":[{"taxonomy":"pwb-brand","embeddable":true,"href":"https:\/\/www.multifrigo.pl\/sklep\/wp-json\/wp\/v2\/pwb-brand?post=9135"},{"taxonomy":"product_brand","embeddable":true,"href":"https:\/\/www.multifrigo.pl\/sklep\/wp-json\/wp\/v2\/product_brand?post=9135"},{"taxonomy":"product_cat","embeddable":true,"href":"https:\/\/www.multifrigo.pl\/sklep\/wp-json\/wp\/v2\/product_cat?post=9135"},{"taxonomy":"product_tag","embeddable":true,"href":"https:\/\/www.multifrigo.pl\/sklep\/wp-json\/wp\/v2\/product_tag?post=9135"}],"curies":[{"name":"wp","href":"https:\/\/api.w.org\/{rel}","templated":true}]}}