{"id":9137,"date":"2024-07-03T12:55:47","date_gmt":"2024-07-03T12:55:47","guid":{"rendered":"https:\/\/multifrigo.pl\/sklep\/produkt\/grzalka-do-podgrzewaczy-700w-z-symostatem-stalgast-430700\/"},"modified":"2025-05-19T11:54:53","modified_gmt":"2025-05-19T11:54:53","slug":"grzalka-do-podgrzewaczy-700w-z-symostatem-stalgast-430700","status":"publish","type":"product","link":"https:\/\/www.multifrigo.pl\/sklep\/produkt\/grzalka-do-podgrzewaczy-700w-z-symostatem-stalgast-430700\/","title":{"rendered":"Grza\u0142ka do podgrzewaczy 700W z symostatem | Stalgast 430700"},"content":{"rendered":"<p><LI>grza\u0142ka z symostatem  <LI>temperatura 45\u00f7225\u00b0C  <LI>230\u00b0C wy\u0142\u0105cznik termiczny  <LI>5 poziom\u00f3w grzania  <LI>\u0142atwy i szybki monta\u017c  <LI>przeznaczona do podgrzewaczy: 434090, 434099, 437011, 437041  <\/p>\n","protected":false},"excerpt":{"rendered":"<p>grza\u0142ka z symostatem temperatura 45\u00f7225\u00b0C 230\u00b0C wy\u0142\u0105cznik termiczny 5 poziom\u00f3w grzania \u0142atwy i szybki monta\u017c przeznaczona do podgrzewaczy: 434090, 434099, 437011, 437041<\/p>\n","protected":false},"featured_media":14651,"template":"","meta":{"_et_pb_use_builder":"","_et_pb_old_content":"","_et_gb_content_width":""},"pwb-brand":[62],"product_brand":[],"product_cat":[291],"product_tag":[],"class_list":{"0":"post-9137","1":"product","2":"type-product","3":"status-publish","4":"has-post-thumbnail","6":"pwb-brand-stalgast","7":"product_cat-grzalki-do-podgrzewaczy","9":"first","10":"instock","11":"taxable","12":"shipping-taxable","13":"purchasable","14":"product-type-simple"},"brands":[{"id":62,"name":"Stalgast","slug":"stalgast"}],"_links":{"self":[{"href":"https:\/\/www.multifrigo.pl\/sklep\/wp-json\/wp\/v2\/product\/9137","targetHints":{"allow":["GET"]}}],"collection":[{"href":"https:\/\/www.multifrigo.pl\/sklep\/wp-json\/wp\/v2\/product"}],"about":[{"href":"https:\/\/www.multifrigo.pl\/sklep\/wp-json\/wp\/v2\/types\/product"}],"wp:featuredmedia":[{"embeddable":true,"href":"https:\/\/www.multifrigo.pl\/sklep\/wp-json\/wp\/v2\/media\/14651"}],"wp:attachment":[{"href":"https:\/\/www.multifrigo.pl\/sklep\/wp-json\/wp\/v2\/media?parent=9137"}],"wp:term":[{"taxonomy":"pwb-brand","embeddable":true,"href":"https:\/\/www.multifrigo.pl\/sklep\/wp-json\/wp\/v2\/pwb-brand?post=9137"},{"taxonomy":"product_brand","embeddable":true,"href":"https:\/\/www.multifrigo.pl\/sklep\/wp-json\/wp\/v2\/product_brand?post=9137"},{"taxonomy":"product_cat","embeddable":true,"href":"https:\/\/www.multifrigo.pl\/sklep\/wp-json\/wp\/v2\/product_cat?post=9137"},{"taxonomy":"product_tag","embeddable":true,"href":"https:\/\/www.multifrigo.pl\/sklep\/wp-json\/wp\/v2\/product_tag?post=9137"}],"curies":[{"name":"wp","href":"https:\/\/api.w.org\/{rel}","templated":true}]}}