{"id":9139,"date":"2024-07-03T12:55:48","date_gmt":"2024-07-03T12:55:48","guid":{"rendered":"https:\/\/multifrigo.pl\/sklep\/produkt\/kociolek-elektryczny-do-zup-v-8-5-l-stalgast-432100\/"},"modified":"2025-05-19T11:54:54","modified_gmt":"2025-05-19T11:54:54","slug":"kociolek-elektryczny-do-zup-v-8-5-l-stalgast-432100","status":"publish","type":"product","link":"https:\/\/www.multifrigo.pl\/sklep\/produkt\/kociolek-elektryczny-do-zup-v-8-5-l-stalgast-432100\/","title":{"rendered":"Kocio\u0142ek elektryczny do zup, V 8.5 l | Stalgast 432100"},"content":{"rendered":"<p><LI>polecany do zup, krem\u00f3w i sos\u00f3w  <LI>wyposa\u017cony w pokryw\u0119 z zawiasem i wyci\u0119ciem na \u0142y\u017ck\u0119  <LI>obudowa wykonana ze stali malowanej  <LI>grza\u0142ka z termostatem  <LI>u\u017cywa\u0107 wody o twardo\u015bci do 6\u00b0dH w skali niemieckiej (twardsza woda powoduje osadzanie kamienia na grza\u0142kach co mo\u017ce spowodowa\u0107 uszkodzenie i utrat\u0119 gwarancji)  <\/p>\n","protected":false},"excerpt":{"rendered":"<p>polecany do zup, krem\u00f3w i sos\u00f3w wyposa\u017cony w pokryw\u0119 z zawiasem i wyci\u0119ciem na \u0142y\u017ck\u0119 obudowa wykonana ze stali malowanej grza\u0142ka z termostatem u\u017cywa\u0107 wody o twardo\u015bci do 6\u00b0dH w skali niemieckiej (twardsza woda powoduje osadzanie kamienia na grza\u0142kach co mo\u017ce spowodowa\u0107 uszkodzenie i utrat\u0119 gwarancji)<\/p>\n","protected":false},"featured_media":14655,"template":"","meta":{"_et_pb_use_builder":"","_et_pb_old_content":"","_et_gb_content_width":""},"pwb-brand":[62],"product_brand":[],"product_cat":[293],"product_tag":[],"class_list":{"0":"post-9139","1":"product","2":"type-product","3":"status-publish","4":"has-post-thumbnail","6":"pwb-brand-stalgast","7":"product_cat-kociolki-do-zup","9":"first","10":"instock","11":"taxable","12":"shipping-taxable","13":"purchasable","14":"product-type-simple"},"brands":[{"id":62,"name":"Stalgast","slug":"stalgast"}],"_links":{"self":[{"href":"https:\/\/www.multifrigo.pl\/sklep\/wp-json\/wp\/v2\/product\/9139","targetHints":{"allow":["GET"]}}],"collection":[{"href":"https:\/\/www.multifrigo.pl\/sklep\/wp-json\/wp\/v2\/product"}],"about":[{"href":"https:\/\/www.multifrigo.pl\/sklep\/wp-json\/wp\/v2\/types\/product"}],"wp:featuredmedia":[{"embeddable":true,"href":"https:\/\/www.multifrigo.pl\/sklep\/wp-json\/wp\/v2\/media\/14655"}],"wp:attachment":[{"href":"https:\/\/www.multifrigo.pl\/sklep\/wp-json\/wp\/v2\/media?parent=9139"}],"wp:term":[{"taxonomy":"pwb-brand","embeddable":true,"href":"https:\/\/www.multifrigo.pl\/sklep\/wp-json\/wp\/v2\/pwb-brand?post=9139"},{"taxonomy":"product_brand","embeddable":true,"href":"https:\/\/www.multifrigo.pl\/sklep\/wp-json\/wp\/v2\/product_brand?post=9139"},{"taxonomy":"product_cat","embeddable":true,"href":"https:\/\/www.multifrigo.pl\/sklep\/wp-json\/wp\/v2\/product_cat?post=9139"},{"taxonomy":"product_tag","embeddable":true,"href":"https:\/\/www.multifrigo.pl\/sklep\/wp-json\/wp\/v2\/product_tag?post=9139"}],"curies":[{"name":"wp","href":"https:\/\/api.w.org\/{rel}","templated":true}]}}