{"id":9140,"date":"2024-07-03T12:55:48","date_gmt":"2024-07-03T12:55:48","guid":{"rendered":"https:\/\/multifrigo.pl\/sklep\/produkt\/kociolek-elektryczny-do-zup-10-l-z-chochla-sunnex-432101\/"},"modified":"2025-05-19T11:54:55","modified_gmt":"2025-05-19T11:54:55","slug":"kociolek-elektryczny-do-zup-10-l-z-chochla-sunnex-432101","status":"publish","type":"product","link":"https:\/\/www.multifrigo.pl\/sklep\/produkt\/kociolek-elektryczny-do-zup-10-l-z-chochla-sunnex-432101\/","title":{"rendered":"Kocio\u0142ek elektryczny do zup 10 l z chochl\u0105 | Sunnex 432101"},"content":{"rendered":"<p><LI>pojemnik na zupy, pokrywa i pojemnik na wod\u0119 wykonane ze stali nierdzewnej  <LI>pokrywa z wyci\u0119ciem na \u0142y\u017ck\u0119  <LI>obudowa wykonana z tworzywa wysokoudarowego  <LI>grza\u0142ka z termostatem  <LI>\u0142y\u017cka w komplecie  <LI>u\u017cywa\u0107 wody o twardo\u015bci do 6\u00b0dH w skali niemieckiej  <LI>twardsza woda powoduje osadzanie kamienia w grza\u0142kach co mo\u017ce spowodowac uszkodzenie i utrat\u0119 gwarancji  <LI>w komplecie chochelka o pojemno\u015bci 0.1l i L- 380mm  <\/p>\n","protected":false},"excerpt":{"rendered":"<p>pojemnik na zupy, pokrywa i pojemnik na wod\u0119 wykonane ze stali nierdzewnej pokrywa z wyci\u0119ciem na \u0142y\u017ck\u0119 obudowa wykonana z tworzywa wysokoudarowego grza\u0142ka z termostatem \u0142y\u017cka w komplecie u\u017cywa\u0107 wody o twardo\u015bci do 6\u00b0dH w skali niemieckiej twardsza woda powoduje osadzanie kamienia w grza\u0142kach co mo\u017ce spowodowac uszkodzenie i utrat\u0119 gwarancji w komplecie chochelka o [&hellip;]<\/p>\n","protected":false},"featured_media":14658,"template":"","meta":{"_et_pb_use_builder":"","_et_pb_old_content":"","_et_gb_content_width":""},"pwb-brand":[117],"product_brand":[],"product_cat":[293],"product_tag":[],"class_list":{"0":"post-9140","1":"product","2":"type-product","3":"status-publish","4":"has-post-thumbnail","6":"pwb-brand-sunnex","7":"product_cat-kociolki-do-zup","9":"first","10":"instock","11":"taxable","12":"shipping-taxable","13":"purchasable","14":"product-type-simple"},"brands":[{"id":117,"name":"Sunnex","slug":"sunnex"}],"_links":{"self":[{"href":"https:\/\/www.multifrigo.pl\/sklep\/wp-json\/wp\/v2\/product\/9140","targetHints":{"allow":["GET"]}}],"collection":[{"href":"https:\/\/www.multifrigo.pl\/sklep\/wp-json\/wp\/v2\/product"}],"about":[{"href":"https:\/\/www.multifrigo.pl\/sklep\/wp-json\/wp\/v2\/types\/product"}],"wp:featuredmedia":[{"embeddable":true,"href":"https:\/\/www.multifrigo.pl\/sklep\/wp-json\/wp\/v2\/media\/14658"}],"wp:attachment":[{"href":"https:\/\/www.multifrigo.pl\/sklep\/wp-json\/wp\/v2\/media?parent=9140"}],"wp:term":[{"taxonomy":"pwb-brand","embeddable":true,"href":"https:\/\/www.multifrigo.pl\/sklep\/wp-json\/wp\/v2\/pwb-brand?post=9140"},{"taxonomy":"product_brand","embeddable":true,"href":"https:\/\/www.multifrigo.pl\/sklep\/wp-json\/wp\/v2\/product_brand?post=9140"},{"taxonomy":"product_cat","embeddable":true,"href":"https:\/\/www.multifrigo.pl\/sklep\/wp-json\/wp\/v2\/product_cat?post=9140"},{"taxonomy":"product_tag","embeddable":true,"href":"https:\/\/www.multifrigo.pl\/sklep\/wp-json\/wp\/v2\/product_tag?post=9140"}],"curies":[{"name":"wp","href":"https:\/\/api.w.org\/{rel}","templated":true}]}}