{"id":9145,"date":"2024-07-03T12:55:48","date_gmt":"2024-07-03T12:55:48","guid":{"rendered":"https:\/\/multifrigo.pl\/sklep\/produkt\/podgrzewacz-roll-top-classic-stalgast-434090\/"},"modified":"2025-05-19T11:54:57","modified_gmt":"2025-05-19T11:54:57","slug":"podgrzewacz-roll-top-classic-stalgast-434090","status":"publish","type":"product","link":"https:\/\/www.multifrigo.pl\/sklep\/produkt\/podgrzewacz-roll-top-classic-stalgast-434090\/","title":{"rendered":"Podgrzewacz Roll Top CLASSIC | Stalgast 434090"},"content":{"rendered":"<p><LI>otwierana pokrywa (90\u00b0)  <LI>wysoka jako\u015b\u0107 wykonania  <LI>posiada uchwyty boczne do przenoszenia  <LI>w komplecie: 2 pojemniki na paliwo, pojemnik gastronomiczny GN 1\/1 65 mm  <LI>uchwyty umo\u017cliwiaj\u0105ce monta\u017c grza\u0142ki 430300 lub 430700  <\/p>\n","protected":false},"excerpt":{"rendered":"<p>otwierana pokrywa (90\u00b0) wysoka jako\u015b\u0107 wykonania posiada uchwyty boczne do przenoszenia w komplecie: 2 pojemniki na paliwo, pojemnik gastronomiczny GN 1\/1 65 mm uchwyty umo\u017cliwiaj\u0105ce monta\u017c grza\u0142ki 430300 lub 430700<\/p>\n","protected":false},"featured_media":14675,"template":"","meta":{"_et_pb_use_builder":"","_et_pb_old_content":"","_et_gb_content_width":""},"pwb-brand":[62],"product_brand":[],"product_cat":[294],"product_tag":[],"class_list":{"0":"post-9145","1":"product","2":"type-product","3":"status-publish","4":"has-post-thumbnail","6":"pwb-brand-stalgast","7":"product_cat-podgrzewacze-roll-top","9":"first","10":"instock","11":"taxable","12":"shipping-taxable","13":"purchasable","14":"product-type-simple"},"brands":[{"id":62,"name":"Stalgast","slug":"stalgast"}],"_links":{"self":[{"href":"https:\/\/www.multifrigo.pl\/sklep\/wp-json\/wp\/v2\/product\/9145","targetHints":{"allow":["GET"]}}],"collection":[{"href":"https:\/\/www.multifrigo.pl\/sklep\/wp-json\/wp\/v2\/product"}],"about":[{"href":"https:\/\/www.multifrigo.pl\/sklep\/wp-json\/wp\/v2\/types\/product"}],"wp:featuredmedia":[{"embeddable":true,"href":"https:\/\/www.multifrigo.pl\/sklep\/wp-json\/wp\/v2\/media\/14675"}],"wp:attachment":[{"href":"https:\/\/www.multifrigo.pl\/sklep\/wp-json\/wp\/v2\/media?parent=9145"}],"wp:term":[{"taxonomy":"pwb-brand","embeddable":true,"href":"https:\/\/www.multifrigo.pl\/sklep\/wp-json\/wp\/v2\/pwb-brand?post=9145"},{"taxonomy":"product_brand","embeddable":true,"href":"https:\/\/www.multifrigo.pl\/sklep\/wp-json\/wp\/v2\/product_brand?post=9145"},{"taxonomy":"product_cat","embeddable":true,"href":"https:\/\/www.multifrigo.pl\/sklep\/wp-json\/wp\/v2\/product_cat?post=9145"},{"taxonomy":"product_tag","embeddable":true,"href":"https:\/\/www.multifrigo.pl\/sklep\/wp-json\/wp\/v2\/product_tag?post=9145"}],"curies":[{"name":"wp","href":"https:\/\/api.w.org\/{rel}","templated":true}]}}