{"id":9147,"date":"2024-07-03T12:55:48","date_gmt":"2024-07-03T12:55:48","guid":{"rendered":"https:\/\/multifrigo.pl\/sklep\/produkt\/podgrzewacz-elektryczny-gn-1-1-sunnex-435130\/"},"modified":"2025-05-19T11:54:58","modified_gmt":"2025-05-19T11:54:58","slug":"podgrzewacz-elektryczny-gn-1-1-sunnex-435130","status":"publish","type":"product","link":"https:\/\/www.multifrigo.pl\/sklep\/produkt\/podgrzewacz-elektryczny-gn-1-1-sunnex-435130\/","title":{"rendered":"Podgrzewacz elektryczny GN 1\/1 | Sunnex 435130"},"content":{"rendered":"<p><LI>wanna z tworzywa odpornego na wysokie temperatury  <LI>pozosta\u0142e elementy wykonane ze stali nierdzewnej  <LI>pojemnik gastronomiczny GN 1\/1 100 w komplecie  <LI>grza\u0142ka z termostatem  <LI>u\u017cywa\u0107 wody o twardo\u015bci do 6\u00b0dH w skali niemieckiej  <LI>twardsza woda powoduje osadzanie kamienia w grza\u0142kach co mo\u017ce spowodowac uszkodzenie i utrat\u0119 gwarancji  <\/p>\n","protected":false},"excerpt":{"rendered":"<p>wanna z tworzywa odpornego na wysokie temperatury pozosta\u0142e elementy wykonane ze stali nierdzewnej pojemnik gastronomiczny GN 1\/1 100 w komplecie grza\u0142ka z termostatem u\u017cywa\u0107 wody o twardo\u015bci do 6\u00b0dH w skali niemieckiej twardsza woda powoduje osadzanie kamienia w grza\u0142kach co mo\u017ce spowodowac uszkodzenie i utrat\u0119 gwarancji<\/p>\n","protected":false},"featured_media":14678,"template":"","meta":{"_et_pb_use_builder":"","_et_pb_old_content":"","_et_gb_content_width":""},"pwb-brand":[117],"product_brand":[],"product_cat":[292],"product_tag":[],"class_list":{"0":"post-9147","1":"product","2":"type-product","3":"status-publish","4":"has-post-thumbnail","6":"pwb-brand-sunnex","7":"product_cat-podgrzewacze-bufetowe","9":"first","10":"instock","11":"taxable","12":"shipping-taxable","13":"purchasable","14":"product-type-simple"},"brands":[{"id":117,"name":"Sunnex","slug":"sunnex"}],"_links":{"self":[{"href":"https:\/\/www.multifrigo.pl\/sklep\/wp-json\/wp\/v2\/product\/9147","targetHints":{"allow":["GET"]}}],"collection":[{"href":"https:\/\/www.multifrigo.pl\/sklep\/wp-json\/wp\/v2\/product"}],"about":[{"href":"https:\/\/www.multifrigo.pl\/sklep\/wp-json\/wp\/v2\/types\/product"}],"wp:featuredmedia":[{"embeddable":true,"href":"https:\/\/www.multifrigo.pl\/sklep\/wp-json\/wp\/v2\/media\/14678"}],"wp:attachment":[{"href":"https:\/\/www.multifrigo.pl\/sklep\/wp-json\/wp\/v2\/media?parent=9147"}],"wp:term":[{"taxonomy":"pwb-brand","embeddable":true,"href":"https:\/\/www.multifrigo.pl\/sklep\/wp-json\/wp\/v2\/pwb-brand?post=9147"},{"taxonomy":"product_brand","embeddable":true,"href":"https:\/\/www.multifrigo.pl\/sklep\/wp-json\/wp\/v2\/product_brand?post=9147"},{"taxonomy":"product_cat","embeddable":true,"href":"https:\/\/www.multifrigo.pl\/sklep\/wp-json\/wp\/v2\/product_cat?post=9147"},{"taxonomy":"product_tag","embeddable":true,"href":"https:\/\/www.multifrigo.pl\/sklep\/wp-json\/wp\/v2\/product_tag?post=9147"}],"curies":[{"name":"wp","href":"https:\/\/api.w.org\/{rel}","templated":true}]}}