{"id":9152,"date":"2024-07-03T12:55:49","date_gmt":"2024-07-03T12:55:49","guid":{"rendered":"https:\/\/multifrigo.pl\/sklep\/produkt\/dozownik-do-platkow-sniadaniowych-4l-sunnex-467001\/"},"modified":"2025-05-19T11:55:02","modified_gmt":"2025-05-19T11:55:02","slug":"dozownik-do-platkow-sniadaniowych-4l-sunnex-467001","status":"publish","type":"product","link":"https:\/\/www.multifrigo.pl\/sklep\/produkt\/dozownik-do-platkow-sniadaniowych-4l-sunnex-467001\/","title":{"rendered":"Dozownik do p\u0142atk\u00f3w \u015bniadaniowych 4l | Sunnex 467001"},"content":{"rendered":"<p><LI>obudowa wykonana z wysoko polerowanej stali nierdzewnej  <LI>naczynie na p\u0142atki wykonane z tworzywa sztucznego  <LI>nie mo\u017cna my\u0107 w zmywarce  <LI>pojemno\u015b\u0107 4 litry  <LI>mechanizm dozowania porcji  <LI>wysoko\u015b\u0107 naczynia max 120 mm  <\/p>\n","protected":false},"excerpt":{"rendered":"<p>obudowa wykonana z wysoko polerowanej stali nierdzewnej naczynie na p\u0142atki wykonane z tworzywa sztucznego nie mo\u017cna my\u0107 w zmywarce pojemno\u015b\u0107 4 litry mechanizm dozowania porcji wysoko\u015b\u0107 naczynia max 120 mm<\/p>\n","protected":false},"featured_media":14696,"template":"","meta":{"_et_pb_use_builder":"","_et_pb_old_content":"","_et_gb_content_width":""},"pwb-brand":[117],"product_brand":[],"product_cat":[296],"product_tag":[],"class_list":{"0":"post-9152","1":"product","2":"type-product","3":"status-publish","4":"has-post-thumbnail","6":"pwb-brand-sunnex","7":"product_cat-dyspensery-do-platkow","9":"first","10":"instock","11":"taxable","12":"shipping-taxable","13":"purchasable","14":"product-type-simple"},"brands":[{"id":117,"name":"Sunnex","slug":"sunnex"}],"_links":{"self":[{"href":"https:\/\/www.multifrigo.pl\/sklep\/wp-json\/wp\/v2\/product\/9152","targetHints":{"allow":["GET"]}}],"collection":[{"href":"https:\/\/www.multifrigo.pl\/sklep\/wp-json\/wp\/v2\/product"}],"about":[{"href":"https:\/\/www.multifrigo.pl\/sklep\/wp-json\/wp\/v2\/types\/product"}],"wp:featuredmedia":[{"embeddable":true,"href":"https:\/\/www.multifrigo.pl\/sklep\/wp-json\/wp\/v2\/media\/14696"}],"wp:attachment":[{"href":"https:\/\/www.multifrigo.pl\/sklep\/wp-json\/wp\/v2\/media?parent=9152"}],"wp:term":[{"taxonomy":"pwb-brand","embeddable":true,"href":"https:\/\/www.multifrigo.pl\/sklep\/wp-json\/wp\/v2\/pwb-brand?post=9152"},{"taxonomy":"product_brand","embeddable":true,"href":"https:\/\/www.multifrigo.pl\/sklep\/wp-json\/wp\/v2\/product_brand?post=9152"},{"taxonomy":"product_cat","embeddable":true,"href":"https:\/\/www.multifrigo.pl\/sklep\/wp-json\/wp\/v2\/product_cat?post=9152"},{"taxonomy":"product_tag","embeddable":true,"href":"https:\/\/www.multifrigo.pl\/sklep\/wp-json\/wp\/v2\/product_tag?post=9152"}],"curies":[{"name":"wp","href":"https:\/\/api.w.org\/{rel}","templated":true}]}}