{"id":9153,"date":"2024-07-03T12:55:49","date_gmt":"2024-07-03T12:55:49","guid":{"rendered":"https:\/\/multifrigo.pl\/sklep\/produkt\/dozownik-do-sokow-stalgast-468001\/"},"modified":"2025-05-19T11:55:02","modified_gmt":"2025-05-19T11:55:02","slug":"dozownik-do-sokow-stalgast-468001","status":"publish","type":"product","link":"https:\/\/www.multifrigo.pl\/sklep\/produkt\/dozownik-do-sokow-stalgast-468001\/","title":{"rendered":"Dozownik do sok\u00f3w | Stalgast 468001"},"content":{"rendered":"<p><LI>obudowa wykonana z wysoko polerowanej stali nierdzewnej  <LI>naczynie na p\u0142yn wykonane z poliw\u0119glanu  <LI>zdejmowana kratka ociekowa  <LI>pojemnik na l\u00f3d w \u015brodku dozownika  <\/p>\n","protected":false},"excerpt":{"rendered":"<p>obudowa wykonana z wysoko polerowanej stali nierdzewnej naczynie na p\u0142yn wykonane z poliw\u0119glanu zdejmowana kratka ociekowa pojemnik na l\u00f3d w \u015brodku dozownika<\/p>\n","protected":false},"featured_media":14697,"template":"","meta":{"_et_pb_use_builder":"","_et_pb_old_content":"","_et_gb_content_width":""},"pwb-brand":[62],"product_brand":[],"product_cat":[297],"product_tag":[],"class_list":{"0":"post-9153","1":"product","2":"type-product","3":"status-publish","4":"has-post-thumbnail","6":"pwb-brand-stalgast","7":"product_cat-dyspensery-do-napojow","9":"first","10":"instock","11":"taxable","12":"shipping-taxable","13":"purchasable","14":"product-type-simple"},"brands":[{"id":62,"name":"Stalgast","slug":"stalgast"}],"_links":{"self":[{"href":"https:\/\/www.multifrigo.pl\/sklep\/wp-json\/wp\/v2\/product\/9153","targetHints":{"allow":["GET"]}}],"collection":[{"href":"https:\/\/www.multifrigo.pl\/sklep\/wp-json\/wp\/v2\/product"}],"about":[{"href":"https:\/\/www.multifrigo.pl\/sklep\/wp-json\/wp\/v2\/types\/product"}],"wp:featuredmedia":[{"embeddable":true,"href":"https:\/\/www.multifrigo.pl\/sklep\/wp-json\/wp\/v2\/media\/14697"}],"wp:attachment":[{"href":"https:\/\/www.multifrigo.pl\/sklep\/wp-json\/wp\/v2\/media?parent=9153"}],"wp:term":[{"taxonomy":"pwb-brand","embeddable":true,"href":"https:\/\/www.multifrigo.pl\/sklep\/wp-json\/wp\/v2\/pwb-brand?post=9153"},{"taxonomy":"product_brand","embeddable":true,"href":"https:\/\/www.multifrigo.pl\/sklep\/wp-json\/wp\/v2\/product_brand?post=9153"},{"taxonomy":"product_cat","embeddable":true,"href":"https:\/\/www.multifrigo.pl\/sklep\/wp-json\/wp\/v2\/product_cat?post=9153"},{"taxonomy":"product_tag","embeddable":true,"href":"https:\/\/www.multifrigo.pl\/sklep\/wp-json\/wp\/v2\/product_tag?post=9153"}],"curies":[{"name":"wp","href":"https:\/\/api.w.org\/{rel}","templated":true}]}}