{"id":9154,"date":"2024-07-03T12:55:49","date_gmt":"2024-07-03T12:55:49","guid":{"rendered":"https:\/\/multifrigo.pl\/sklep\/produkt\/dozownik-do-napojow-5l-sunnex-468002\/"},"modified":"2025-05-19T11:55:03","modified_gmt":"2025-05-19T11:55:03","slug":"dozownik-do-napojow-5l-sunnex-468002","status":"publish","type":"product","link":"https:\/\/www.multifrigo.pl\/sklep\/produkt\/dozownik-do-napojow-5l-sunnex-468002\/","title":{"rendered":"Dozownik do napoj\u00f3w 5l | Sunnex 468002"},"content":{"rendered":"<ul>\n<li>obudowa wykonana z wysoko polerowanej stali nierdzewnej<\/li>\n<li>naczynie na p\u0142yn wykonane z poliw\u0119glanu<\/li>\n<li>pojemnik na l\u00f3d w \u015brodku dozownika<\/li>\n<li>odleg\u0142o\u015b\u0107 od dna do kranika 150 mm<\/li>\n<\/ul>\n","protected":false},"excerpt":{"rendered":"<p>obudowa wykonana z wysoko polerowanej stali nierdzewnej naczynie na p\u0142yn wykonane z poliw\u0119glanu pojemnik na l\u00f3d w \u015brodku dozownika odleg\u0142o\u015b\u0107 od dna do kranika 150 mm<\/p>\n","protected":false},"featured_media":14698,"template":"","meta":{"_et_pb_use_builder":"","_et_pb_old_content":"","_et_gb_content_width":""},"pwb-brand":[117],"product_brand":[],"product_cat":[297],"product_tag":[],"class_list":{"0":"post-9154","1":"product","2":"type-product","3":"status-publish","4":"has-post-thumbnail","6":"pwb-brand-sunnex","7":"product_cat-dyspensery-do-napojow","9":"first","10":"instock","11":"taxable","12":"shipping-taxable","13":"purchasable","14":"product-type-simple"},"brands":[{"id":117,"name":"Sunnex","slug":"sunnex"}],"_links":{"self":[{"href":"https:\/\/www.multifrigo.pl\/sklep\/wp-json\/wp\/v2\/product\/9154","targetHints":{"allow":["GET"]}}],"collection":[{"href":"https:\/\/www.multifrigo.pl\/sklep\/wp-json\/wp\/v2\/product"}],"about":[{"href":"https:\/\/www.multifrigo.pl\/sklep\/wp-json\/wp\/v2\/types\/product"}],"wp:featuredmedia":[{"embeddable":true,"href":"https:\/\/www.multifrigo.pl\/sklep\/wp-json\/wp\/v2\/media\/14698"}],"wp:attachment":[{"href":"https:\/\/www.multifrigo.pl\/sklep\/wp-json\/wp\/v2\/media?parent=9154"}],"wp:term":[{"taxonomy":"pwb-brand","embeddable":true,"href":"https:\/\/www.multifrigo.pl\/sklep\/wp-json\/wp\/v2\/pwb-brand?post=9154"},{"taxonomy":"product_brand","embeddable":true,"href":"https:\/\/www.multifrigo.pl\/sklep\/wp-json\/wp\/v2\/product_brand?post=9154"},{"taxonomy":"product_cat","embeddable":true,"href":"https:\/\/www.multifrigo.pl\/sklep\/wp-json\/wp\/v2\/product_cat?post=9154"},{"taxonomy":"product_tag","embeddable":true,"href":"https:\/\/www.multifrigo.pl\/sklep\/wp-json\/wp\/v2\/product_tag?post=9154"}],"curies":[{"name":"wp","href":"https:\/\/api.w.org\/{rel}","templated":true}]}}