{"id":9156,"date":"2024-07-03T12:55:49","date_gmt":"2024-07-03T12:55:49","guid":{"rendered":"https:\/\/multifrigo.pl\/sklep\/produkt\/podgrzewacz-do-czekolady-stalgast-469105\/"},"modified":"2025-05-19T11:55:05","modified_gmt":"2025-05-19T11:55:05","slug":"podgrzewacz-do-czekolady-stalgast-469105","status":"publish","type":"product","link":"https:\/\/www.multifrigo.pl\/sklep\/produkt\/podgrzewacz-do-czekolady-stalgast-469105\/","title":{"rendered":"Podgrzewacz do czekolady | Stalgast 469105"},"content":{"rendered":"<p><LI>urz\u0105dzenie do przygotowania i serwowania czekolady na gor\u0105co  <LI>obrotowe mieszad\u0142o dla zapewnienia w\u0142a\u015bciwej cyrkulacji  <LI>w komplecie taca ociekowa  <LI>predko\u015b\u0107 obrot\u00f3w od 65~85 na min.  <\/p>\n","protected":false},"excerpt":{"rendered":"<p>urz\u0105dzenie do przygotowania i serwowania czekolady na gor\u0105co obrotowe mieszad\u0142o dla zapewnienia w\u0142a\u015bciwej cyrkulacji w komplecie taca ociekowa predko\u015b\u0107 obrot\u00f3w od 65~85 na min.<\/p>\n","protected":false},"featured_media":14700,"template":"","meta":{"_et_pb_use_builder":"","_et_pb_old_content":"","_et_gb_content_width":""},"pwb-brand":[62],"product_brand":[],"product_cat":[300],"product_tag":[],"class_list":{"0":"post-9156","1":"product","2":"type-product","3":"status-publish","4":"has-post-thumbnail","6":"pwb-brand-stalgast","7":"product_cat-podgrzewacze-do-czekolady","9":"first","10":"instock","11":"taxable","12":"shipping-taxable","13":"purchasable","14":"product-type-simple"},"brands":[{"id":62,"name":"Stalgast","slug":"stalgast"}],"_links":{"self":[{"href":"https:\/\/www.multifrigo.pl\/sklep\/wp-json\/wp\/v2\/product\/9156","targetHints":{"allow":["GET"]}}],"collection":[{"href":"https:\/\/www.multifrigo.pl\/sklep\/wp-json\/wp\/v2\/product"}],"about":[{"href":"https:\/\/www.multifrigo.pl\/sklep\/wp-json\/wp\/v2\/types\/product"}],"wp:featuredmedia":[{"embeddable":true,"href":"https:\/\/www.multifrigo.pl\/sklep\/wp-json\/wp\/v2\/media\/14700"}],"wp:attachment":[{"href":"https:\/\/www.multifrigo.pl\/sklep\/wp-json\/wp\/v2\/media?parent=9156"}],"wp:term":[{"taxonomy":"pwb-brand","embeddable":true,"href":"https:\/\/www.multifrigo.pl\/sklep\/wp-json\/wp\/v2\/pwb-brand?post=9156"},{"taxonomy":"product_brand","embeddable":true,"href":"https:\/\/www.multifrigo.pl\/sklep\/wp-json\/wp\/v2\/product_brand?post=9156"},{"taxonomy":"product_cat","embeddable":true,"href":"https:\/\/www.multifrigo.pl\/sklep\/wp-json\/wp\/v2\/product_cat?post=9156"},{"taxonomy":"product_tag","embeddable":true,"href":"https:\/\/www.multifrigo.pl\/sklep\/wp-json\/wp\/v2\/product_tag?post=9156"}],"curies":[{"name":"wp","href":"https:\/\/api.w.org\/{rel}","templated":true}]}}