{"id":9173,"date":"2024-07-03T12:55:53","date_gmt":"2024-07-03T12:55:53","guid":{"rendered":"https:\/\/multifrigo.pl\/sklep\/produkt\/mozdzierz-do-owocow-l-210-mm-stalgast-472200\/"},"modified":"2025-05-19T11:55:20","modified_gmt":"2025-05-19T11:55:20","slug":"mozdzierz-do-owocow-l-210-mm-stalgast-472200","status":"publish","type":"product","link":"https:\/\/www.multifrigo.pl\/sklep\/produkt\/mozdzierz-do-owocow-l-210-mm-stalgast-472200\/","title":{"rendered":"Mo\u017adzierz do owoc\u00f3w L 210 mm | Stalgast 472200"},"content":{"rendered":"<p><LI>wykonany z tworzywa ABS  <LI>do owoc\u00f3w  <\/p>\n","protected":false},"excerpt":{"rendered":"<p>wykonany z tworzywa ABS do owoc\u00f3w<\/p>\n","protected":false},"featured_media":14729,"template":"","meta":{"_et_pb_use_builder":"","_et_pb_old_content":"","_et_gb_content_width":""},"pwb-brand":[62],"product_brand":[],"product_cat":[308],"product_tag":[],"class_list":{"0":"post-9173","1":"product","2":"type-product","3":"status-publish","4":"has-post-thumbnail","6":"pwb-brand-stalgast","7":"product_cat-rozgniatacze-do-owocow","9":"first","10":"instock","11":"taxable","12":"shipping-taxable","13":"purchasable","14":"product-type-simple"},"brands":[{"id":62,"name":"Stalgast","slug":"stalgast"}],"_links":{"self":[{"href":"https:\/\/www.multifrigo.pl\/sklep\/wp-json\/wp\/v2\/product\/9173","targetHints":{"allow":["GET"]}}],"collection":[{"href":"https:\/\/www.multifrigo.pl\/sklep\/wp-json\/wp\/v2\/product"}],"about":[{"href":"https:\/\/www.multifrigo.pl\/sklep\/wp-json\/wp\/v2\/types\/product"}],"wp:featuredmedia":[{"embeddable":true,"href":"https:\/\/www.multifrigo.pl\/sklep\/wp-json\/wp\/v2\/media\/14729"}],"wp:attachment":[{"href":"https:\/\/www.multifrigo.pl\/sklep\/wp-json\/wp\/v2\/media?parent=9173"}],"wp:term":[{"taxonomy":"pwb-brand","embeddable":true,"href":"https:\/\/www.multifrigo.pl\/sklep\/wp-json\/wp\/v2\/pwb-brand?post=9173"},{"taxonomy":"product_brand","embeddable":true,"href":"https:\/\/www.multifrigo.pl\/sklep\/wp-json\/wp\/v2\/product_brand?post=9173"},{"taxonomy":"product_cat","embeddable":true,"href":"https:\/\/www.multifrigo.pl\/sklep\/wp-json\/wp\/v2\/product_cat?post=9173"},{"taxonomy":"product_tag","embeddable":true,"href":"https:\/\/www.multifrigo.pl\/sklep\/wp-json\/wp\/v2\/product_tag?post=9173"}],"curies":[{"name":"wp","href":"https:\/\/api.w.org\/{rel}","templated":true}]}}