{"id":9201,"date":"2024-07-03T12:55:57","date_gmt":"2024-07-03T12:55:57","guid":{"rendered":"https:\/\/multifrigo.pl\/sklep\/produkt\/podstawa-do-wiaderka-sunnex-478680\/"},"modified":"2025-05-19T11:55:53","modified_gmt":"2025-05-19T11:55:53","slug":"podstawa-do-wiaderka-sunnex-478680","status":"publish","type":"product","link":"https:\/\/www.multifrigo.pl\/sklep\/produkt\/podstawa-do-wiaderka-sunnex-478680\/","title":{"rendered":"Podstawa do wiaderka | Sunnex 478680"},"content":{"rendered":"<p><LI>pasuje do wiaderek 477550, 477771, 477351  <LI>\u015brednica misy dolna wewn\u0119trzna 140mm  <LI>\u015brednica podstawy dolna 280mm  <LI>\u015brednica podstawy g\u00f3rna 125mm  <LI>\u015brednica misy dolna 145mm  <LI>\u015brednica nogi 38mm  <LI>wysoko\u015b\u0107 misy 55mm  <LI>wysoko\u015b\u0107 nogi 570mm  <\/p>\n","protected":false},"excerpt":{"rendered":"<p>pasuje do wiaderek 477550, 477771, 477351 \u015brednica misy dolna wewn\u0119trzna 140mm \u015brednica podstawy dolna 280mm \u015brednica podstawy g\u00f3rna 125mm \u015brednica misy dolna 145mm \u015brednica nogi 38mm wysoko\u015b\u0107 misy 55mm wysoko\u015b\u0107 nogi 570mm<\/p>\n","protected":false},"featured_media":14767,"template":"","meta":{"_et_pb_use_builder":"","_et_pb_old_content":"","_et_gb_content_width":""},"pwb-brand":[117],"product_brand":[],"product_cat":[314],"product_tag":[],"class_list":{"0":"post-9201","1":"product","2":"type-product","3":"status-publish","4":"has-post-thumbnail","6":"pwb-brand-sunnex","7":"product_cat-wiaderka-i-podstawy-do-szampana","9":"first","10":"instock","11":"taxable","12":"shipping-taxable","13":"purchasable","14":"product-type-simple"},"brands":[{"id":117,"name":"Sunnex","slug":"sunnex"}],"_links":{"self":[{"href":"https:\/\/www.multifrigo.pl\/sklep\/wp-json\/wp\/v2\/product\/9201","targetHints":{"allow":["GET"]}}],"collection":[{"href":"https:\/\/www.multifrigo.pl\/sklep\/wp-json\/wp\/v2\/product"}],"about":[{"href":"https:\/\/www.multifrigo.pl\/sklep\/wp-json\/wp\/v2\/types\/product"}],"wp:featuredmedia":[{"embeddable":true,"href":"https:\/\/www.multifrigo.pl\/sklep\/wp-json\/wp\/v2\/media\/14767"}],"wp:attachment":[{"href":"https:\/\/www.multifrigo.pl\/sklep\/wp-json\/wp\/v2\/media?parent=9201"}],"wp:term":[{"taxonomy":"pwb-brand","embeddable":true,"href":"https:\/\/www.multifrigo.pl\/sklep\/wp-json\/wp\/v2\/pwb-brand?post=9201"},{"taxonomy":"product_brand","embeddable":true,"href":"https:\/\/www.multifrigo.pl\/sklep\/wp-json\/wp\/v2\/product_brand?post=9201"},{"taxonomy":"product_cat","embeddable":true,"href":"https:\/\/www.multifrigo.pl\/sklep\/wp-json\/wp\/v2\/product_cat?post=9201"},{"taxonomy":"product_tag","embeddable":true,"href":"https:\/\/www.multifrigo.pl\/sklep\/wp-json\/wp\/v2\/product_tag?post=9201"}],"curies":[{"name":"wp","href":"https:\/\/api.w.org\/{rel}","templated":true}]}}