{"id":9240,"date":"2024-07-03T12:56:05","date_gmt":"2024-07-03T12:56:05","guid":{"rendered":"https:\/\/multifrigo.pl\/sklep\/produkt\/tamper-ubijak-do-kawy-z-drewniana-raczka-stalgast-486113\/"},"modified":"2025-05-19T11:56:34","modified_gmt":"2025-05-19T11:56:34","slug":"tamper-ubijak-do-kawy-z-drewniana-raczka-stalgast-486113","status":"publish","type":"product","link":"https:\/\/www.multifrigo.pl\/sklep\/produkt\/tamper-ubijak-do-kawy-z-drewniana-raczka-stalgast-486113\/","title":{"rendered":"Tamper, ubijak do kawy z drewnian\u0105 r\u0105czk\u0105 | Stalgast 486113"},"content":{"rendered":"<p><LI>wygodna demontowalna r\u0105czka z drewna  <LI>tamper wykonany ze stali nierdzewnej  <\/p>\n","protected":false},"excerpt":{"rendered":"<p>wygodna demontowalna r\u0105czka z drewna tamper wykonany ze stali nierdzewnej<\/p>\n","protected":false},"featured_media":14867,"template":"","meta":{"_et_pb_use_builder":"","_et_pb_old_content":"","_et_gb_content_width":""},"pwb-brand":[62],"product_brand":[],"product_cat":[323],"product_tag":[],"class_list":{"0":"post-9240","1":"product","2":"type-product","3":"status-publish","4":"has-post-thumbnail","6":"pwb-brand-stalgast","7":"product_cat-mlynki-i-akcesoria-do-kawy","9":"first","10":"instock","11":"taxable","12":"shipping-taxable","13":"purchasable","14":"product-type-simple"},"brands":[{"id":62,"name":"Stalgast","slug":"stalgast"}],"_links":{"self":[{"href":"https:\/\/www.multifrigo.pl\/sklep\/wp-json\/wp\/v2\/product\/9240","targetHints":{"allow":["GET"]}}],"collection":[{"href":"https:\/\/www.multifrigo.pl\/sklep\/wp-json\/wp\/v2\/product"}],"about":[{"href":"https:\/\/www.multifrigo.pl\/sklep\/wp-json\/wp\/v2\/types\/product"}],"wp:featuredmedia":[{"embeddable":true,"href":"https:\/\/www.multifrigo.pl\/sklep\/wp-json\/wp\/v2\/media\/14867"}],"wp:attachment":[{"href":"https:\/\/www.multifrigo.pl\/sklep\/wp-json\/wp\/v2\/media?parent=9240"}],"wp:term":[{"taxonomy":"pwb-brand","embeddable":true,"href":"https:\/\/www.multifrigo.pl\/sklep\/wp-json\/wp\/v2\/pwb-brand?post=9240"},{"taxonomy":"product_brand","embeddable":true,"href":"https:\/\/www.multifrigo.pl\/sklep\/wp-json\/wp\/v2\/product_brand?post=9240"},{"taxonomy":"product_cat","embeddable":true,"href":"https:\/\/www.multifrigo.pl\/sklep\/wp-json\/wp\/v2\/product_cat?post=9240"},{"taxonomy":"product_tag","embeddable":true,"href":"https:\/\/www.multifrigo.pl\/sklep\/wp-json\/wp\/v2\/product_tag?post=9240"}],"curies":[{"name":"wp","href":"https:\/\/api.w.org\/{rel}","templated":true}]}}