{"id":9280,"date":"2024-07-03T12:56:12","date_gmt":"2024-07-03T12:56:12","guid":{"rendered":"https:\/\/multifrigo.pl\/sklep\/produkt\/palnik-gazowy-do-creme-brulee-max-stalgast-500700\/"},"modified":"2025-05-19T11:57:10","modified_gmt":"2025-05-19T11:57:10","slug":"palnik-gazowy-do-creme-brulee-max-stalgast-500700","status":"publish","type":"product","link":"https:\/\/www.multifrigo.pl\/sklep\/produkt\/palnik-gazowy-do-creme-brulee-max-stalgast-500700\/","title":{"rendered":"Palnik gazowy do creme brulee MAX | Stalgast 500700"},"content":{"rendered":"<p><LI>czas pracy przy maksymalnym za\u0142adunku gazem do 90 min.  <LI>temperatura p\u0142omienia ~1300\u00b0C  <LI>regulowany p\u0142omie\u0144 palnika  <LI>blokada bezpiecze\u0144stwa (przed zapaleniem\/utrzymanie sta\u0142ego p\u0142omienia)  <LI>posiada standardowy zaw\u00f3r do nape\u0142niania za pomoc\u0105 gazu do zapalniczek  <LI>produkt nie zawiera gazu  <\/p>\n","protected":false},"excerpt":{"rendered":"<p>czas pracy przy maksymalnym za\u0142adunku gazem do 90 min. temperatura p\u0142omienia ~1300\u00b0C regulowany p\u0142omie\u0144 palnika blokada bezpiecze\u0144stwa (przed zapaleniem\/utrzymanie sta\u0142ego p\u0142omienia) posiada standardowy zaw\u00f3r do nape\u0142niania za pomoc\u0105 gazu do zapalniczek produkt nie zawiera gazu<\/p>\n","protected":false},"featured_media":14964,"template":"","meta":{"_et_pb_use_builder":"","_et_pb_old_content":"","_et_gb_content_width":""},"pwb-brand":[62],"product_brand":[],"product_cat":[337],"product_tag":[],"class_list":{"0":"post-9280","1":"product","2":"type-product","3":"status-publish","4":"has-post-thumbnail","6":"pwb-brand-stalgast","7":"product_cat-palniki-do-creme-brulee","9":"first","10":"instock","11":"taxable","12":"shipping-taxable","13":"purchasable","14":"product-type-simple"},"brands":[{"id":62,"name":"Stalgast","slug":"stalgast"}],"_links":{"self":[{"href":"https:\/\/www.multifrigo.pl\/sklep\/wp-json\/wp\/v2\/product\/9280","targetHints":{"allow":["GET"]}}],"collection":[{"href":"https:\/\/www.multifrigo.pl\/sklep\/wp-json\/wp\/v2\/product"}],"about":[{"href":"https:\/\/www.multifrigo.pl\/sklep\/wp-json\/wp\/v2\/types\/product"}],"wp:featuredmedia":[{"embeddable":true,"href":"https:\/\/www.multifrigo.pl\/sklep\/wp-json\/wp\/v2\/media\/14964"}],"wp:attachment":[{"href":"https:\/\/www.multifrigo.pl\/sklep\/wp-json\/wp\/v2\/media?parent=9280"}],"wp:term":[{"taxonomy":"pwb-brand","embeddable":true,"href":"https:\/\/www.multifrigo.pl\/sklep\/wp-json\/wp\/v2\/pwb-brand?post=9280"},{"taxonomy":"product_brand","embeddable":true,"href":"https:\/\/www.multifrigo.pl\/sklep\/wp-json\/wp\/v2\/product_brand?post=9280"},{"taxonomy":"product_cat","embeddable":true,"href":"https:\/\/www.multifrigo.pl\/sklep\/wp-json\/wp\/v2\/product_cat?post=9280"},{"taxonomy":"product_tag","embeddable":true,"href":"https:\/\/www.multifrigo.pl\/sklep\/wp-json\/wp\/v2\/product_tag?post=9280"}],"curies":[{"name":"wp","href":"https:\/\/api.w.org\/{rel}","templated":true}]}}