{"id":9284,"date":"2024-07-03T12:56:12","date_gmt":"2024-07-03T12:56:12","guid":{"rendered":"https:\/\/multifrigo.pl\/sklep\/produkt\/lopatka-do-pizzy-l-270-mm-stalgast-503210\/"},"modified":"2025-05-19T11:57:12","modified_gmt":"2025-05-19T11:57:12","slug":"lopatka-do-pizzy-l-270-mm-stalgast-503210","status":"publish","type":"product","link":"https:\/\/www.multifrigo.pl\/sklep\/produkt\/lopatka-do-pizzy-l-270-mm-stalgast-503210\/","title":{"rendered":"\u0141opatka do pizzy L 270 mm | Stalgast 503210"},"content":{"rendered":"<p><LI>d\u0142ugo\u015b\u0107 powierzchni roboczej 120 mm  <LI>szeroko\u015b\u0107 powierzchni roboczej 60 mm  <LI>drewniana r\u0105czka  <\/p>\n","protected":false},"excerpt":{"rendered":"<p>d\u0142ugo\u015b\u0107 powierzchni roboczej 120 mm szeroko\u015b\u0107 powierzchni roboczej 60 mm drewniana r\u0105czka<\/p>\n","protected":false},"featured_media":14969,"template":"","meta":{"_et_pb_use_builder":"","_et_pb_old_content":"","_et_gb_content_width":""},"pwb-brand":[62],"product_brand":[],"product_cat":[176],"product_tag":[],"class_list":{"0":"post-9284","1":"product","2":"type-product","3":"status-publish","4":"has-post-thumbnail","6":"pwb-brand-stalgast","7":"product_cat-lopaty-do-pizzy","9":"first","10":"instock","11":"taxable","12":"shipping-taxable","13":"purchasable","14":"product-type-simple"},"brands":[{"id":62,"name":"Stalgast","slug":"stalgast"}],"_links":{"self":[{"href":"https:\/\/www.multifrigo.pl\/sklep\/wp-json\/wp\/v2\/product\/9284","targetHints":{"allow":["GET"]}}],"collection":[{"href":"https:\/\/www.multifrigo.pl\/sklep\/wp-json\/wp\/v2\/product"}],"about":[{"href":"https:\/\/www.multifrigo.pl\/sklep\/wp-json\/wp\/v2\/types\/product"}],"wp:featuredmedia":[{"embeddable":true,"href":"https:\/\/www.multifrigo.pl\/sklep\/wp-json\/wp\/v2\/media\/14969"}],"wp:attachment":[{"href":"https:\/\/www.multifrigo.pl\/sklep\/wp-json\/wp\/v2\/media?parent=9284"}],"wp:term":[{"taxonomy":"pwb-brand","embeddable":true,"href":"https:\/\/www.multifrigo.pl\/sklep\/wp-json\/wp\/v2\/pwb-brand?post=9284"},{"taxonomy":"product_brand","embeddable":true,"href":"https:\/\/www.multifrigo.pl\/sklep\/wp-json\/wp\/v2\/product_brand?post=9284"},{"taxonomy":"product_cat","embeddable":true,"href":"https:\/\/www.multifrigo.pl\/sklep\/wp-json\/wp\/v2\/product_cat?post=9284"},{"taxonomy":"product_tag","embeddable":true,"href":"https:\/\/www.multifrigo.pl\/sklep\/wp-json\/wp\/v2\/product_tag?post=9284"}],"curies":[{"name":"wp","href":"https:\/\/api.w.org\/{rel}","templated":true}]}}