{"id":9295,"date":"2024-07-03T12:56:15","date_gmt":"2024-07-03T12:56:15","guid":{"rendered":"https:\/\/multifrigo.pl\/sklep\/produkt\/lyzka-miarka-zestaw-stalgast-506010\/"},"modified":"2025-05-19T11:57:17","modified_gmt":"2025-05-19T11:57:17","slug":"lyzka-miarka-zestaw-stalgast-506010","status":"publish","type":"product","link":"https:\/\/www.multifrigo.pl\/sklep\/produkt\/lyzka-miarka-zestaw-stalgast-506010\/","title":{"rendered":"\u0141y\u017cka miarka, zestaw | Stalgast 506010"},"content":{"rendered":"<p><LI>w zestawie 4 wielko\u015bci \u0142y\u017cek  <LI>pojemno\u015bci widoczne na uchwytach  <LI>1\/4 \u0142y\u017ceczki (1.25 ml )  <LI>1\/2 \u0142y\u017ceczki ( 2.5 ml )  <LI>1 \u0142y\u017ceczka (5 ml)  <LI>1 \u0142y\u017cka (15 ml)  <\/p>\n","protected":false},"excerpt":{"rendered":"<p>w zestawie 4 wielko\u015bci \u0142y\u017cek pojemno\u015bci widoczne na uchwytach 1\/4 \u0142y\u017ceczki (1.25 ml ) 1\/2 \u0142y\u017ceczki ( 2.5 ml ) 1 \u0142y\u017ceczka (5 ml) 1 \u0142y\u017cka (15 ml)<\/p>\n","protected":false},"featured_media":14982,"template":"","meta":{"_et_pb_use_builder":"","_et_pb_old_content":"","_et_gb_content_width":""},"pwb-brand":[62],"product_brand":[],"product_cat":[345],"product_tag":[],"class_list":{"0":"post-9295","1":"product","2":"type-product","3":"status-publish","4":"has-post-thumbnail","6":"pwb-brand-stalgast","7":"product_cat-miarki-kuchenne","9":"first","10":"instock","11":"taxable","12":"shipping-taxable","13":"purchasable","14":"product-type-simple"},"brands":[{"id":62,"name":"Stalgast","slug":"stalgast"}],"_links":{"self":[{"href":"https:\/\/www.multifrigo.pl\/sklep\/wp-json\/wp\/v2\/product\/9295","targetHints":{"allow":["GET"]}}],"collection":[{"href":"https:\/\/www.multifrigo.pl\/sklep\/wp-json\/wp\/v2\/product"}],"about":[{"href":"https:\/\/www.multifrigo.pl\/sklep\/wp-json\/wp\/v2\/types\/product"}],"wp:featuredmedia":[{"embeddable":true,"href":"https:\/\/www.multifrigo.pl\/sklep\/wp-json\/wp\/v2\/media\/14982"}],"wp:attachment":[{"href":"https:\/\/www.multifrigo.pl\/sklep\/wp-json\/wp\/v2\/media?parent=9295"}],"wp:term":[{"taxonomy":"pwb-brand","embeddable":true,"href":"https:\/\/www.multifrigo.pl\/sklep\/wp-json\/wp\/v2\/pwb-brand?post=9295"},{"taxonomy":"product_brand","embeddable":true,"href":"https:\/\/www.multifrigo.pl\/sklep\/wp-json\/wp\/v2\/product_brand?post=9295"},{"taxonomy":"product_cat","embeddable":true,"href":"https:\/\/www.multifrigo.pl\/sklep\/wp-json\/wp\/v2\/product_cat?post=9295"},{"taxonomy":"product_tag","embeddable":true,"href":"https:\/\/www.multifrigo.pl\/sklep\/wp-json\/wp\/v2\/product_tag?post=9295"}],"curies":[{"name":"wp","href":"https:\/\/api.w.org\/{rel}","templated":true}]}}