{"id":9344,"date":"2024-07-03T12:56:23","date_gmt":"2024-07-03T12:56:23","guid":{"rendered":"https:\/\/multifrigo.pl\/sklep\/produkt\/wycinarki-gladkie-paderno-528010\/"},"modified":"2025-05-19T11:57:52","modified_gmt":"2025-05-19T11:57:52","slug":"wycinarki-gladkie-paderno-528010","status":"publish","type":"product","link":"https:\/\/www.multifrigo.pl\/sklep\/produkt\/wycinarki-gladkie-paderno-528010\/","title":{"rendered":"Wycinarki g\u0142adkie | Paderno 528010"},"content":{"rendered":"<p><LI>g\u0142adkie  <LI>14 wycinarek w komplecie  <LI>\u015brednica wszystkich pier\u015bcieni  <\/p>\n","protected":false},"excerpt":{"rendered":"<p>g\u0142adkie 14 wycinarek w komplecie \u015brednica wszystkich pier\u015bcieni<\/p>\n","protected":false},"featured_media":15047,"template":"","meta":{"_et_pb_use_builder":"","_et_pb_old_content":"","_et_gb_content_width":""},"pwb-brand":[118],"product_brand":[],"product_cat":[353],"product_tag":[],"class_list":{"0":"post-9344","1":"product","2":"type-product","3":"status-publish","4":"has-post-thumbnail","6":"pwb-brand-paderno","7":"product_cat-formy-do-wycinania","9":"first","10":"instock","11":"taxable","12":"shipping-taxable","13":"purchasable","14":"product-type-simple"},"brands":[{"id":118,"name":"Paderno","slug":"paderno"}],"_links":{"self":[{"href":"https:\/\/www.multifrigo.pl\/sklep\/wp-json\/wp\/v2\/product\/9344","targetHints":{"allow":["GET"]}}],"collection":[{"href":"https:\/\/www.multifrigo.pl\/sklep\/wp-json\/wp\/v2\/product"}],"about":[{"href":"https:\/\/www.multifrigo.pl\/sklep\/wp-json\/wp\/v2\/types\/product"}],"wp:featuredmedia":[{"embeddable":true,"href":"https:\/\/www.multifrigo.pl\/sklep\/wp-json\/wp\/v2\/media\/15047"}],"wp:attachment":[{"href":"https:\/\/www.multifrigo.pl\/sklep\/wp-json\/wp\/v2\/media?parent=9344"}],"wp:term":[{"taxonomy":"pwb-brand","embeddable":true,"href":"https:\/\/www.multifrigo.pl\/sklep\/wp-json\/wp\/v2\/pwb-brand?post=9344"},{"taxonomy":"product_brand","embeddable":true,"href":"https:\/\/www.multifrigo.pl\/sklep\/wp-json\/wp\/v2\/product_brand?post=9344"},{"taxonomy":"product_cat","embeddable":true,"href":"https:\/\/www.multifrigo.pl\/sklep\/wp-json\/wp\/v2\/product_cat?post=9344"},{"taxonomy":"product_tag","embeddable":true,"href":"https:\/\/www.multifrigo.pl\/sklep\/wp-json\/wp\/v2\/product_tag?post=9344"}],"curies":[{"name":"wp","href":"https:\/\/api.w.org\/{rel}","templated":true}]}}