{"id":9349,"date":"2024-07-03T12:56:25","date_gmt":"2024-07-03T12:56:25","guid":{"rendered":"https:\/\/multifrigo.pl\/sklep\/produkt\/pluczka-do-porcjonerow-do-lodow-stockel-530009\/"},"modified":"2025-05-19T11:57:56","modified_gmt":"2025-05-19T11:57:56","slug":"pluczka-do-porcjonerow-do-lodow-stockel-530009","status":"publish","type":"product","link":"https:\/\/www.multifrigo.pl\/sklep\/produkt\/pluczka-do-porcjonerow-do-lodow-stockel-530009\/","title":{"rendered":"P\u0142uczka do porcjoner\u00f3w do lod\u00f3w | ST\u00d6CKEL 530009"},"content":{"rendered":"<p><LI>umo\u017cliwia sprawne i dok\u0142adne mycie akcesori\u00f3w do lod\u00f3w  <LI>dedykowana do monta\u017cu w blacie  <LI>wyposa\u017cona w kran  <LI>zaw\u00f3r 3\/8&#8243;  <LI>odp\u0142yw 3\/4&#8243;  <LI>opcja powieszenia na \u015bcianie  <\/p>\n","protected":false},"excerpt":{"rendered":"<p>umo\u017cliwia sprawne i dok\u0142adne mycie akcesori\u00f3w do lod\u00f3w dedykowana do monta\u017cu w blacie wyposa\u017cona w kran zaw\u00f3r 3\/8&#8243; odp\u0142yw 3\/4&#8243; opcja powieszenia na \u015bcianie<\/p>\n","protected":false},"featured_media":15052,"template":"","meta":{"_et_pb_use_builder":"","_et_pb_old_content":"","_et_gb_content_width":""},"pwb-brand":[362],"product_brand":[],"product_cat":[356],"product_tag":[],"class_list":{"0":"post-9349","1":"product","2":"type-product","3":"status-publish","4":"has-post-thumbnail","6":"pwb-brand-stockel","7":"product_cat-porcjonery","9":"first","10":"instock","11":"taxable","12":"shipping-taxable","13":"purchasable","14":"product-type-simple"},"brands":[{"id":362,"name":"ST\u00d6CKEL","slug":"stockel"}],"_links":{"self":[{"href":"https:\/\/www.multifrigo.pl\/sklep\/wp-json\/wp\/v2\/product\/9349","targetHints":{"allow":["GET"]}}],"collection":[{"href":"https:\/\/www.multifrigo.pl\/sklep\/wp-json\/wp\/v2\/product"}],"about":[{"href":"https:\/\/www.multifrigo.pl\/sklep\/wp-json\/wp\/v2\/types\/product"}],"wp:featuredmedia":[{"embeddable":true,"href":"https:\/\/www.multifrigo.pl\/sklep\/wp-json\/wp\/v2\/media\/15052"}],"wp:attachment":[{"href":"https:\/\/www.multifrigo.pl\/sklep\/wp-json\/wp\/v2\/media?parent=9349"}],"wp:term":[{"taxonomy":"pwb-brand","embeddable":true,"href":"https:\/\/www.multifrigo.pl\/sklep\/wp-json\/wp\/v2\/pwb-brand?post=9349"},{"taxonomy":"product_brand","embeddable":true,"href":"https:\/\/www.multifrigo.pl\/sklep\/wp-json\/wp\/v2\/product_brand?post=9349"},{"taxonomy":"product_cat","embeddable":true,"href":"https:\/\/www.multifrigo.pl\/sklep\/wp-json\/wp\/v2\/product_cat?post=9349"},{"taxonomy":"product_tag","embeddable":true,"href":"https:\/\/www.multifrigo.pl\/sklep\/wp-json\/wp\/v2\/product_tag?post=9349"}],"curies":[{"name":"wp","href":"https:\/\/api.w.org\/{rel}","templated":true}]}}