{"id":9369,"date":"2024-07-03T12:56:27","date_gmt":"2024-07-03T12:56:27","guid":{"rendered":"https:\/\/multifrigo.pl\/sklep\/produkt\/patera-do-tortu-3-stopniowa-stalgast-542030\/"},"modified":"2025-05-19T11:58:16","modified_gmt":"2025-05-19T11:58:16","slug":"patera-do-tortu-3-stopniowa-stalgast-542030","status":"publish","type":"product","link":"https:\/\/www.multifrigo.pl\/sklep\/produkt\/patera-do-tortu-3-stopniowa-stalgast-542030\/","title":{"rendered":"Patera do tortu 3 stopniowa | Stalgast 542030"},"content":{"rendered":"<p><LI>3-stopniowa  <LI>talerze p\u0142askie  <LI>\u015brednica talerzy: 230 mm, 275 mm, 315 mm  <LI>istnieje mo\u017cliwo\u015b\u0107 dowolnego pi\u0119trowania talerzy  <\/p>\n","protected":false},"excerpt":{"rendered":"<p>3-stopniowa talerze p\u0142askie \u015brednica talerzy: 230 mm, 275 mm, 315 mm istnieje mo\u017cliwo\u015b\u0107 dowolnego pi\u0119trowania talerzy<\/p>\n","protected":false},"featured_media":15091,"template":"","meta":{"_et_pb_use_builder":"","_et_pb_old_content":"","_et_gb_content_width":""},"pwb-brand":[62],"product_brand":[],"product_cat":[666],"product_tag":[],"class_list":{"0":"post-9369","1":"product","2":"type-product","3":"status-publish","4":"has-post-thumbnail","6":"pwb-brand-stalgast","7":"product_cat-patery-wielopoziomowe","9":"first","10":"instock","11":"taxable","12":"shipping-taxable","13":"purchasable","14":"product-type-simple"},"brands":[{"id":62,"name":"Stalgast","slug":"stalgast"}],"_links":{"self":[{"href":"https:\/\/www.multifrigo.pl\/sklep\/wp-json\/wp\/v2\/product\/9369","targetHints":{"allow":["GET"]}}],"collection":[{"href":"https:\/\/www.multifrigo.pl\/sklep\/wp-json\/wp\/v2\/product"}],"about":[{"href":"https:\/\/www.multifrigo.pl\/sklep\/wp-json\/wp\/v2\/types\/product"}],"wp:featuredmedia":[{"embeddable":true,"href":"https:\/\/www.multifrigo.pl\/sklep\/wp-json\/wp\/v2\/media\/15091"}],"wp:attachment":[{"href":"https:\/\/www.multifrigo.pl\/sklep\/wp-json\/wp\/v2\/media?parent=9369"}],"wp:term":[{"taxonomy":"pwb-brand","embeddable":true,"href":"https:\/\/www.multifrigo.pl\/sklep\/wp-json\/wp\/v2\/pwb-brand?post=9369"},{"taxonomy":"product_brand","embeddable":true,"href":"https:\/\/www.multifrigo.pl\/sklep\/wp-json\/wp\/v2\/product_brand?post=9369"},{"taxonomy":"product_cat","embeddable":true,"href":"https:\/\/www.multifrigo.pl\/sklep\/wp-json\/wp\/v2\/product_cat?post=9369"},{"taxonomy":"product_tag","embeddable":true,"href":"https:\/\/www.multifrigo.pl\/sklep\/wp-json\/wp\/v2\/product_tag?post=9369"}],"curies":[{"name":"wp","href":"https:\/\/api.w.org\/{rel}","templated":true}]}}