{"id":9371,"date":"2024-07-03T12:56:28","date_gmt":"2024-07-03T12:56:28","guid":{"rendered":"https:\/\/multifrigo.pl\/sklep\/produkt\/patera-na-owoce-stalgast-544030\/"},"modified":"2025-05-19T11:58:16","modified_gmt":"2025-05-19T11:58:16","slug":"patera-na-owoce-stalgast-544030","status":"publish","type":"product","link":"https:\/\/www.multifrigo.pl\/sklep\/produkt\/patera-na-owoce-stalgast-544030\/","title":{"rendered":"Patera na owoce | Stalgast 544030"},"content":{"rendered":"<p><LI>3-stopniowa  <LI>talerze z rantem  <LI>\u015brednice talerzy : 195 mm, 215 mm, 250 mm  <LI>odleg\u0142o\u015b\u0107 pomi\u0119dzy talerzanmi 160 mm  <\/p>\n","protected":false},"excerpt":{"rendered":"<p>3-stopniowa talerze z rantem \u015brednice talerzy : 195 mm, 215 mm, 250 mm odleg\u0142o\u015b\u0107 pomi\u0119dzy talerzanmi 160 mm<\/p>\n","protected":false},"featured_media":15093,"template":"","meta":{"_et_pb_use_builder":"","_et_pb_old_content":"","_et_gb_content_width":""},"pwb-brand":[62],"product_brand":[],"product_cat":[666],"product_tag":[],"class_list":{"0":"post-9371","1":"product","2":"type-product","3":"status-publish","4":"has-post-thumbnail","6":"pwb-brand-stalgast","7":"product_cat-patery-wielopoziomowe","9":"first","10":"instock","11":"taxable","12":"shipping-taxable","13":"purchasable","14":"product-type-simple"},"brands":[{"id":62,"name":"Stalgast","slug":"stalgast"}],"_links":{"self":[{"href":"https:\/\/www.multifrigo.pl\/sklep\/wp-json\/wp\/v2\/product\/9371","targetHints":{"allow":["GET"]}}],"collection":[{"href":"https:\/\/www.multifrigo.pl\/sklep\/wp-json\/wp\/v2\/product"}],"about":[{"href":"https:\/\/www.multifrigo.pl\/sklep\/wp-json\/wp\/v2\/types\/product"}],"wp:featuredmedia":[{"embeddable":true,"href":"https:\/\/www.multifrigo.pl\/sklep\/wp-json\/wp\/v2\/media\/15093"}],"wp:attachment":[{"href":"https:\/\/www.multifrigo.pl\/sklep\/wp-json\/wp\/v2\/media?parent=9371"}],"wp:term":[{"taxonomy":"pwb-brand","embeddable":true,"href":"https:\/\/www.multifrigo.pl\/sklep\/wp-json\/wp\/v2\/pwb-brand?post=9371"},{"taxonomy":"product_brand","embeddable":true,"href":"https:\/\/www.multifrigo.pl\/sklep\/wp-json\/wp\/v2\/product_brand?post=9371"},{"taxonomy":"product_cat","embeddable":true,"href":"https:\/\/www.multifrigo.pl\/sklep\/wp-json\/wp\/v2\/product_cat?post=9371"},{"taxonomy":"product_tag","embeddable":true,"href":"https:\/\/www.multifrigo.pl\/sklep\/wp-json\/wp\/v2\/product_tag?post=9371"}],"curies":[{"name":"wp","href":"https:\/\/api.w.org\/{rel}","templated":true}]}}