{"id":9374,"date":"2024-07-03T12:56:28","date_gmt":"2024-07-03T12:56:28","guid":{"rendered":"https:\/\/multifrigo.pl\/sklep\/produkt\/patera-z-kloszem-d-320-mm-pasabahce-545014\/"},"modified":"2025-05-19T11:58:18","modified_gmt":"2025-05-19T11:58:18","slug":"patera-z-kloszem-d-320-mm-pasabahce-545014","status":"publish","type":"product","link":"https:\/\/www.multifrigo.pl\/sklep\/produkt\/patera-z-kloszem-d-320-mm-pasabahce-545014\/","title":{"rendered":"Patera z kloszem d 320 mm | Pasabahce 545014"},"content":{"rendered":"<p><LI>wysoko\u015b\u0107 patery &#8211; 115 mm  <LI>wysoko\u015b\u0107 rantu patery -20 mm  <LI>\u015brednica pokrywy &#8211; 305 mm  <LI>wysoko\u015b\u0107 pokrywy &#8211; 110mm  <LI>wysoko\u015b\u0107 samego uchwytu &#8211; 35 mm  <LI>przystosowane do cz\u0119stego mycia w zmywarce  <LI>zaprojektowane z my\u015bl\u0105 o cz\u0119stej eksploatacji  <LI>cena za sztuk\u0119  <LI>sprzedawane w ilo\u015bciach kartonowych  <LI>profesjonalne szk\u0142o dla gastronomii  <\/p>\n","protected":false},"excerpt":{"rendered":"<p>wysoko\u015b\u0107 patery &#8211; 115 mm wysoko\u015b\u0107 rantu patery -20 mm \u015brednica pokrywy &#8211; 305 mm wysoko\u015b\u0107 pokrywy &#8211; 110mm wysoko\u015b\u0107 samego uchwytu &#8211; 35 mm przystosowane do cz\u0119stego mycia w zmywarce zaprojektowane z my\u015bl\u0105 o cz\u0119stej eksploatacji cena za sztuk\u0119 sprzedawane w ilo\u015bciach kartonowych profesjonalne szk\u0142o dla gastronomii<\/p>\n","protected":false},"featured_media":15096,"template":"","meta":{"_et_pb_use_builder":"","_et_pb_old_content":"","_et_gb_content_width":""},"pwb-brand":[266],"product_brand":[],"product_cat":[361],"product_tag":[],"class_list":{"0":"post-9374","1":"product","2":"type-product","3":"status-publish","4":"has-post-thumbnail","6":"pwb-brand-pasabahce","7":"product_cat-patery-jednopoziomowe","9":"first","10":"instock","11":"taxable","12":"shipping-taxable","13":"purchasable","14":"product-type-simple"},"brands":[{"id":266,"name":"Pasabahce","slug":"pasabahce"}],"_links":{"self":[{"href":"https:\/\/www.multifrigo.pl\/sklep\/wp-json\/wp\/v2\/product\/9374","targetHints":{"allow":["GET"]}}],"collection":[{"href":"https:\/\/www.multifrigo.pl\/sklep\/wp-json\/wp\/v2\/product"}],"about":[{"href":"https:\/\/www.multifrigo.pl\/sklep\/wp-json\/wp\/v2\/types\/product"}],"wp:featuredmedia":[{"embeddable":true,"href":"https:\/\/www.multifrigo.pl\/sklep\/wp-json\/wp\/v2\/media\/15096"}],"wp:attachment":[{"href":"https:\/\/www.multifrigo.pl\/sklep\/wp-json\/wp\/v2\/media?parent=9374"}],"wp:term":[{"taxonomy":"pwb-brand","embeddable":true,"href":"https:\/\/www.multifrigo.pl\/sklep\/wp-json\/wp\/v2\/pwb-brand?post=9374"},{"taxonomy":"product_brand","embeddable":true,"href":"https:\/\/www.multifrigo.pl\/sklep\/wp-json\/wp\/v2\/product_brand?post=9374"},{"taxonomy":"product_cat","embeddable":true,"href":"https:\/\/www.multifrigo.pl\/sklep\/wp-json\/wp\/v2\/product_cat?post=9374"},{"taxonomy":"product_tag","embeddable":true,"href":"https:\/\/www.multifrigo.pl\/sklep\/wp-json\/wp\/v2\/product_tag?post=9374"}],"curies":[{"name":"wp","href":"https:\/\/api.w.org\/{rel}","templated":true}]}}