{"id":9378,"date":"2024-07-03T12:56:29","date_gmt":"2024-07-03T12:56:29","guid":{"rendered":"https:\/\/multifrigo.pl\/sklep\/produkt\/sloik-do-przechowywania-ciasteczek-lub-cukierkow-2-poziomy-pasabahce-545020\/"},"modified":"2025-05-19T11:58:20","modified_gmt":"2025-05-19T11:58:20","slug":"sloik-do-przechowywania-ciasteczek-lub-cukierkow-2-poziomy-pasabahce-545020","status":"publish","type":"product","link":"https:\/\/www.multifrigo.pl\/sklep\/produkt\/sloik-do-przechowywania-ciasteczek-lub-cukierkow-2-poziomy-pasabahce-545020\/","title":{"rendered":"S\u0142oik do przechowywania ciasteczek lub cukierk\u00f3w, 2 poziomy | Pasabahce 545020"},"content":{"rendered":"<p><LI>przystosowane do cz\u0119stego mycia w zmywarce  <LI>zaprojektowane z my\u015bl\u0105 o cz\u0119stej eksploatacji  <LI>cena za sztuk\u0119  <LI>profesjonalne szk\u0142o dla gastronomii  <LI>\u015brednica podstawy 69 mm  <LI>pojemno\u015b\u0107 2x 0.23 l  <LI>\u015brednica klosza 76 mm  <\/p>\n","protected":false},"excerpt":{"rendered":"<p>przystosowane do cz\u0119stego mycia w zmywarce zaprojektowane z my\u015bl\u0105 o cz\u0119stej eksploatacji cena za sztuk\u0119 profesjonalne szk\u0142o dla gastronomii \u015brednica podstawy 69 mm pojemno\u015b\u0107 2x 0.23 l \u015brednica klosza 76 mm<\/p>\n","protected":false},"featured_media":15107,"template":"","meta":{"_et_pb_use_builder":"","_et_pb_old_content":"","_et_gb_content_width":""},"pwb-brand":[266],"product_brand":[],"product_cat":[280],"product_tag":[],"class_list":{"0":"post-9378","1":"product","2":"type-product","3":"status-publish","4":"has-post-thumbnail","6":"pwb-brand-pasabahce","7":"product_cat-sloiki","9":"first","10":"instock","11":"taxable","12":"shipping-taxable","13":"purchasable","14":"product-type-simple"},"brands":[{"id":266,"name":"Pasabahce","slug":"pasabahce"}],"_links":{"self":[{"href":"https:\/\/www.multifrigo.pl\/sklep\/wp-json\/wp\/v2\/product\/9378","targetHints":{"allow":["GET"]}}],"collection":[{"href":"https:\/\/www.multifrigo.pl\/sklep\/wp-json\/wp\/v2\/product"}],"about":[{"href":"https:\/\/www.multifrigo.pl\/sklep\/wp-json\/wp\/v2\/types\/product"}],"wp:featuredmedia":[{"embeddable":true,"href":"https:\/\/www.multifrigo.pl\/sklep\/wp-json\/wp\/v2\/media\/15107"}],"wp:attachment":[{"href":"https:\/\/www.multifrigo.pl\/sklep\/wp-json\/wp\/v2\/media?parent=9378"}],"wp:term":[{"taxonomy":"pwb-brand","embeddable":true,"href":"https:\/\/www.multifrigo.pl\/sklep\/wp-json\/wp\/v2\/pwb-brand?post=9378"},{"taxonomy":"product_brand","embeddable":true,"href":"https:\/\/www.multifrigo.pl\/sklep\/wp-json\/wp\/v2\/product_brand?post=9378"},{"taxonomy":"product_cat","embeddable":true,"href":"https:\/\/www.multifrigo.pl\/sklep\/wp-json\/wp\/v2\/product_cat?post=9378"},{"taxonomy":"product_tag","embeddable":true,"href":"https:\/\/www.multifrigo.pl\/sklep\/wp-json\/wp\/v2\/product_tag?post=9378"}],"curies":[{"name":"wp","href":"https:\/\/api.w.org\/{rel}","templated":true}]}}