{"id":9386,"date":"2024-07-03T12:56:30","date_gmt":"2024-07-03T12:56:30","guid":{"rendered":"https:\/\/multifrigo.pl\/sklep\/produkt\/mini-rondelek-d-68-mm-stalgast-546009\/"},"modified":"2025-05-19T11:58:23","modified_gmt":"2025-05-19T11:58:23","slug":"mini-rondelek-d-68-mm-stalgast-546009","status":"publish","type":"product","link":"https:\/\/www.multifrigo.pl\/sklep\/produkt\/mini-rondelek-d-68-mm-stalgast-546009\/","title":{"rendered":"Mini rondelek d 68 mm | Stalgast 546009"},"content":{"rendered":"<p><LI>d\u0142ugo\u015b\u0107 r\u0105czki 94 mm  <LI>otw\u00f3r w r\u0105czce do zawieszenia fi 8mm  <\/p>\n","protected":false},"excerpt":{"rendered":"<p>d\u0142ugo\u015b\u0107 r\u0105czki 94 mm otw\u00f3r w r\u0105czce do zawieszenia fi 8mm<\/p>\n","protected":false},"featured_media":15118,"template":"","meta":{"_et_pb_use_builder":"","_et_pb_old_content":"","_et_gb_content_width":""},"pwb-brand":[62],"product_brand":[],"product_cat":[254],"product_tag":[],"class_list":{"0":"post-9386","1":"product","2":"type-product","3":"status-publish","4":"has-post-thumbnail","6":"pwb-brand-stalgast","7":"product_cat-finger-food","9":"first","10":"instock","11":"taxable","12":"shipping-taxable","13":"purchasable","14":"product-type-simple"},"brands":[{"id":62,"name":"Stalgast","slug":"stalgast"}],"_links":{"self":[{"href":"https:\/\/www.multifrigo.pl\/sklep\/wp-json\/wp\/v2\/product\/9386","targetHints":{"allow":["GET"]}}],"collection":[{"href":"https:\/\/www.multifrigo.pl\/sklep\/wp-json\/wp\/v2\/product"}],"about":[{"href":"https:\/\/www.multifrigo.pl\/sklep\/wp-json\/wp\/v2\/types\/product"}],"wp:featuredmedia":[{"embeddable":true,"href":"https:\/\/www.multifrigo.pl\/sklep\/wp-json\/wp\/v2\/media\/15118"}],"wp:attachment":[{"href":"https:\/\/www.multifrigo.pl\/sklep\/wp-json\/wp\/v2\/media?parent=9386"}],"wp:term":[{"taxonomy":"pwb-brand","embeddable":true,"href":"https:\/\/www.multifrigo.pl\/sklep\/wp-json\/wp\/v2\/pwb-brand?post=9386"},{"taxonomy":"product_brand","embeddable":true,"href":"https:\/\/www.multifrigo.pl\/sklep\/wp-json\/wp\/v2\/product_brand?post=9386"},{"taxonomy":"product_cat","embeddable":true,"href":"https:\/\/www.multifrigo.pl\/sklep\/wp-json\/wp\/v2\/product_cat?post=9386"},{"taxonomy":"product_tag","embeddable":true,"href":"https:\/\/www.multifrigo.pl\/sklep\/wp-json\/wp\/v2\/product_tag?post=9386"}],"curies":[{"name":"wp","href":"https:\/\/api.w.org\/{rel}","templated":true}]}}