{"id":9398,"date":"2024-07-03T12:56:32","date_gmt":"2024-07-03T12:56:32","guid":{"rendered":"https:\/\/multifrigo.pl\/sklep\/produkt\/koszyk-do-serwowania-potraw-czarny-o-80-mm-stalgast-546052\/"},"modified":"2025-05-19T11:58:27","modified_gmt":"2025-05-19T11:58:27","slug":"koszyk-do-serwowania-potraw-czarny-o-80-mm-stalgast-546052","status":"publish","type":"product","link":"https:\/\/www.multifrigo.pl\/sklep\/produkt\/koszyk-do-serwowania-potraw-czarny-o-80-mm-stalgast-546052\/","title":{"rendered":"Koszyk do serwowania potraw, czarny, \u00f8 80 mm | Stalgast 546052"},"content":{"rendered":"<p><LI>do serwowania przek\u0105sek lub dodatk\u00f3w do potraw  <LI>nie przeznaczone do bezpo\u015bredniego kontaktu z \u017cywno\u015bci\u0105, zalecamy stosowanie z papierem nr 319010  <LI>wysoko\u015b\u0107 koszyka zewn\u0119trzna ~ 80 mm  <\/p>\n","protected":false},"excerpt":{"rendered":"<p>do serwowania przek\u0105sek lub dodatk\u00f3w do potraw nie przeznaczone do bezpo\u015bredniego kontaktu z \u017cywno\u015bci\u0105, zalecamy stosowanie z papierem nr 319010 wysoko\u015b\u0107 koszyka zewn\u0119trzna ~ 80 mm<\/p>\n","protected":false},"featured_media":15136,"template":"","meta":{"_et_pb_use_builder":"","_et_pb_old_content":"","_et_gb_content_width":""},"pwb-brand":[62],"product_brand":[],"product_cat":[254],"product_tag":[],"class_list":{"0":"post-9398","1":"product","2":"type-product","3":"status-publish","4":"has-post-thumbnail","6":"pwb-brand-stalgast","7":"product_cat-finger-food","9":"first","10":"instock","11":"taxable","12":"shipping-taxable","13":"purchasable","14":"product-type-simple"},"brands":[{"id":62,"name":"Stalgast","slug":"stalgast"}],"_links":{"self":[{"href":"https:\/\/www.multifrigo.pl\/sklep\/wp-json\/wp\/v2\/product\/9398","targetHints":{"allow":["GET"]}}],"collection":[{"href":"https:\/\/www.multifrigo.pl\/sklep\/wp-json\/wp\/v2\/product"}],"about":[{"href":"https:\/\/www.multifrigo.pl\/sklep\/wp-json\/wp\/v2\/types\/product"}],"wp:featuredmedia":[{"embeddable":true,"href":"https:\/\/www.multifrigo.pl\/sklep\/wp-json\/wp\/v2\/media\/15136"}],"wp:attachment":[{"href":"https:\/\/www.multifrigo.pl\/sklep\/wp-json\/wp\/v2\/media?parent=9398"}],"wp:term":[{"taxonomy":"pwb-brand","embeddable":true,"href":"https:\/\/www.multifrigo.pl\/sklep\/wp-json\/wp\/v2\/pwb-brand?post=9398"},{"taxonomy":"product_brand","embeddable":true,"href":"https:\/\/www.multifrigo.pl\/sklep\/wp-json\/wp\/v2\/product_brand?post=9398"},{"taxonomy":"product_cat","embeddable":true,"href":"https:\/\/www.multifrigo.pl\/sklep\/wp-json\/wp\/v2\/product_cat?post=9398"},{"taxonomy":"product_tag","embeddable":true,"href":"https:\/\/www.multifrigo.pl\/sklep\/wp-json\/wp\/v2\/product_tag?post=9398"}],"curies":[{"name":"wp","href":"https:\/\/api.w.org\/{rel}","templated":true}]}}