{"id":9409,"date":"2024-07-03T12:56:34","date_gmt":"2024-07-03T12:56:34","guid":{"rendered":"https:\/\/multifrigo.pl\/sklep\/produkt\/blacha-do-pizzy-o-450-mm-h-40-mm-stalgast-560451\/"},"modified":"2025-05-19T11:58:37","modified_gmt":"2025-05-19T11:58:37","slug":"blacha-do-pizzy-o-450-mm-h-40-mm-stalgast-560451","status":"publish","type":"product","link":"https:\/\/www.multifrigo.pl\/sklep\/produkt\/blacha-do-pizzy-o-450-mm-h-40-mm-stalgast-560451\/","title":{"rendered":"Blacha do pizzy, \u00f8 450 mm, H 40 mm | Stalgast 560451"},"content":{"rendered":"<p><LI>po sko\u0144czonej pracy blach\u0119 nale\u017cy dok\u0142adnie wymy\u0107, wysuszy\u0107 i nat\u0142u\u015bci\u0107, zabieg ten s\u0142u\u017cy zabezpieczeniu blachy przed korozj\u0105  <LI>zabieg ten s\u0142u\u017cy zabezpieczeniu blachy przed korozj\u0105  <\/p>\n","protected":false},"excerpt":{"rendered":"<p>po sko\u0144czonej pracy blach\u0119 nale\u017cy dok\u0142adnie wymy\u0107, wysuszy\u0107 i nat\u0142u\u015bci\u0107, zabieg ten s\u0142u\u017cy zabezpieczeniu blachy przed korozj\u0105 zabieg ten s\u0142u\u017cy zabezpieczeniu blachy przed korozj\u0105<\/p>\n","protected":false},"featured_media":15147,"template":"","meta":{"_et_pb_use_builder":"","_et_pb_old_content":"","_et_gb_content_width":""},"pwb-brand":[62],"product_brand":[],"product_cat":[363],"product_tag":[],"class_list":{"0":"post-9409","1":"product","2":"type-product","3":"status-publish","4":"has-post-thumbnail","6":"pwb-brand-stalgast","7":"product_cat-blachy-do-pizzy","9":"first","10":"instock","11":"taxable","12":"shipping-taxable","13":"purchasable","14":"product-type-simple"},"brands":[{"id":62,"name":"Stalgast","slug":"stalgast"}],"_links":{"self":[{"href":"https:\/\/www.multifrigo.pl\/sklep\/wp-json\/wp\/v2\/product\/9409","targetHints":{"allow":["GET"]}}],"collection":[{"href":"https:\/\/www.multifrigo.pl\/sklep\/wp-json\/wp\/v2\/product"}],"about":[{"href":"https:\/\/www.multifrigo.pl\/sklep\/wp-json\/wp\/v2\/types\/product"}],"wp:featuredmedia":[{"embeddable":true,"href":"https:\/\/www.multifrigo.pl\/sklep\/wp-json\/wp\/v2\/media\/15147"}],"wp:attachment":[{"href":"https:\/\/www.multifrigo.pl\/sklep\/wp-json\/wp\/v2\/media?parent=9409"}],"wp:term":[{"taxonomy":"pwb-brand","embeddable":true,"href":"https:\/\/www.multifrigo.pl\/sklep\/wp-json\/wp\/v2\/pwb-brand?post=9409"},{"taxonomy":"product_brand","embeddable":true,"href":"https:\/\/www.multifrigo.pl\/sklep\/wp-json\/wp\/v2\/product_brand?post=9409"},{"taxonomy":"product_cat","embeddable":true,"href":"https:\/\/www.multifrigo.pl\/sklep\/wp-json\/wp\/v2\/product_cat?post=9409"},{"taxonomy":"product_tag","embeddable":true,"href":"https:\/\/www.multifrigo.pl\/sklep\/wp-json\/wp\/v2\/product_tag?post=9409"}],"curies":[{"name":"wp","href":"https:\/\/api.w.org\/{rel}","templated":true}]}}