{"id":9427,"date":"2024-07-03T12:56:37","date_gmt":"2024-07-03T12:56:37","guid":{"rendered":"https:\/\/multifrigo.pl\/sklep\/produkt\/torba-do-pizzy-stalgast-563453\/"},"modified":"2025-05-19T11:58:59","modified_gmt":"2025-05-19T11:58:59","slug":"torba-do-pizzy-stalgast-563453","status":"publish","type":"product","link":"https:\/\/www.multifrigo.pl\/sklep\/produkt\/torba-do-pizzy-stalgast-563453\/","title":{"rendered":"Torba do pizzy | Stalgast 563453"},"content":{"rendered":"<p><LI>wykonana z mocnego materia\u0142u &#8211; winylu  <LI>gruba izolacja utrzymuje temperatur\u0119, nie przepuszcza wilgoci  <LI>du\u017ca uchylna klapa na rzep  <LI>prze\u017aroczysta kiesze\u0144 na rachunki o wymiarze 165&#215;120 mm  <LI>posiada wygodny uchwyt do przenoszenia i otwory wentylacyjne  <\/p>\n","protected":false},"excerpt":{"rendered":"<p>wykonana z mocnego materia\u0142u &#8211; winylu gruba izolacja utrzymuje temperatur\u0119, nie przepuszcza wilgoci du\u017ca uchylna klapa na rzep prze\u017aroczysta kiesze\u0144 na rachunki o wymiarze 165&#215;120 mm posiada wygodny uchwyt do przenoszenia i otwory wentylacyjne<\/p>\n","protected":false},"featured_media":15170,"template":"","meta":{"_et_pb_use_builder":"","_et_pb_old_content":"","_et_gb_content_width":""},"pwb-brand":[62],"product_brand":[],"product_cat":[367],"product_tag":[],"class_list":{"0":"post-9427","1":"product","2":"type-product","3":"status-publish","4":"has-post-thumbnail","6":"pwb-brand-stalgast","7":"product_cat-torby-do-pizzy","9":"first","10":"instock","11":"taxable","12":"shipping-taxable","13":"purchasable","14":"product-type-simple"},"brands":[{"id":62,"name":"Stalgast","slug":"stalgast"}],"_links":{"self":[{"href":"https:\/\/www.multifrigo.pl\/sklep\/wp-json\/wp\/v2\/product\/9427","targetHints":{"allow":["GET"]}}],"collection":[{"href":"https:\/\/www.multifrigo.pl\/sklep\/wp-json\/wp\/v2\/product"}],"about":[{"href":"https:\/\/www.multifrigo.pl\/sklep\/wp-json\/wp\/v2\/types\/product"}],"wp:featuredmedia":[{"embeddable":true,"href":"https:\/\/www.multifrigo.pl\/sklep\/wp-json\/wp\/v2\/media\/15170"}],"wp:attachment":[{"href":"https:\/\/www.multifrigo.pl\/sklep\/wp-json\/wp\/v2\/media?parent=9427"}],"wp:term":[{"taxonomy":"pwb-brand","embeddable":true,"href":"https:\/\/www.multifrigo.pl\/sklep\/wp-json\/wp\/v2\/pwb-brand?post=9427"},{"taxonomy":"product_brand","embeddable":true,"href":"https:\/\/www.multifrigo.pl\/sklep\/wp-json\/wp\/v2\/product_brand?post=9427"},{"taxonomy":"product_cat","embeddable":true,"href":"https:\/\/www.multifrigo.pl\/sklep\/wp-json\/wp\/v2\/product_cat?post=9427"},{"taxonomy":"product_tag","embeddable":true,"href":"https:\/\/www.multifrigo.pl\/sklep\/wp-json\/wp\/v2\/product_tag?post=9427"}],"curies":[{"name":"wp","href":"https:\/\/api.w.org\/{rel}","templated":true}]}}