{"id":9430,"date":"2024-07-03T12:56:37","date_gmt":"2024-07-03T12:56:37","guid":{"rendered":"https:\/\/multifrigo.pl\/sklep\/produkt\/lopata-do-pizzy-stalgast-564052\/"},"modified":"2025-05-19T11:59:00","modified_gmt":"2025-05-19T11:59:00","slug":"lopata-do-pizzy-stalgast-564052","status":"publish","type":"product","link":"https:\/\/www.multifrigo.pl\/sklep\/produkt\/lopata-do-pizzy-stalgast-564052\/","title":{"rendered":"\u0141opata do pizzy | Stalgast 564052"},"content":{"rendered":"<p><LI>wykonana z aluminium  <LI>drewniana r\u0105czka  <LI>d\u0142ugo\u015b\u0107 powierzchni roboczej 260 mm  <LI>szeroko\u015b\u0107 powierzchni roboczej 300 mm  <\/p>\n","protected":false},"excerpt":{"rendered":"<p>wykonana z aluminium drewniana r\u0105czka d\u0142ugo\u015b\u0107 powierzchni roboczej 260 mm szeroko\u015b\u0107 powierzchni roboczej 300 mm<\/p>\n","protected":false},"featured_media":15178,"template":"","meta":{"_et_pb_use_builder":"","_et_pb_old_content":"","_et_gb_content_width":""},"pwb-brand":[62],"product_brand":[],"product_cat":[176],"product_tag":[],"class_list":{"0":"post-9430","1":"product","2":"type-product","3":"status-publish","4":"has-post-thumbnail","6":"pwb-brand-stalgast","7":"product_cat-lopaty-do-pizzy","9":"first","10":"instock","11":"taxable","12":"shipping-taxable","13":"purchasable","14":"product-type-simple"},"brands":[{"id":62,"name":"Stalgast","slug":"stalgast"}],"_links":{"self":[{"href":"https:\/\/www.multifrigo.pl\/sklep\/wp-json\/wp\/v2\/product\/9430","targetHints":{"allow":["GET"]}}],"collection":[{"href":"https:\/\/www.multifrigo.pl\/sklep\/wp-json\/wp\/v2\/product"}],"about":[{"href":"https:\/\/www.multifrigo.pl\/sklep\/wp-json\/wp\/v2\/types\/product"}],"wp:featuredmedia":[{"embeddable":true,"href":"https:\/\/www.multifrigo.pl\/sklep\/wp-json\/wp\/v2\/media\/15178"}],"wp:attachment":[{"href":"https:\/\/www.multifrigo.pl\/sklep\/wp-json\/wp\/v2\/media?parent=9430"}],"wp:term":[{"taxonomy":"pwb-brand","embeddable":true,"href":"https:\/\/www.multifrigo.pl\/sklep\/wp-json\/wp\/v2\/pwb-brand?post=9430"},{"taxonomy":"product_brand","embeddable":true,"href":"https:\/\/www.multifrigo.pl\/sklep\/wp-json\/wp\/v2\/product_brand?post=9430"},{"taxonomy":"product_cat","embeddable":true,"href":"https:\/\/www.multifrigo.pl\/sklep\/wp-json\/wp\/v2\/product_cat?post=9430"},{"taxonomy":"product_tag","embeddable":true,"href":"https:\/\/www.multifrigo.pl\/sklep\/wp-json\/wp\/v2\/product_tag?post=9430"}],"curies":[{"name":"wp","href":"https:\/\/api.w.org\/{rel}","templated":true}]}}