{"id":9435,"date":"2024-07-03T12:56:38","date_gmt":"2024-07-03T12:56:38","guid":{"rendered":"https:\/\/multifrigo.pl\/sklep\/produkt\/umywalka-bezdotykowa-z-wlacznikiem-kolanowym-i-z-kranem-stalgast-610004\/"},"modified":"2025-05-19T11:59:03","modified_gmt":"2025-05-19T11:59:03","slug":"umywalka-bezdotykowa-z-wlacznikiem-kolanowym-i-z-kranem-stalgast-610004","status":"publish","type":"product","link":"https:\/\/www.multifrigo.pl\/sklep\/produkt\/umywalka-bezdotykowa-z-wlacznikiem-kolanowym-i-z-kranem-stalgast-610004\/","title":{"rendered":"Umywalka bezdotykowa z w\u0142\u0105cznikiem kolanowym i z kranem | Stalgast 610004"},"content":{"rendered":"<p><LI>w zestawie kran z regulacj\u0105 ciep\u0142ej i zimnej wody  <LI>wymiary komory ~ \u015brednica 350 mm i g\u0142\u0119boko\u015b\u0107 120 mm  <\/p>\n","protected":false},"excerpt":{"rendered":"<p>w zestawie kran z regulacj\u0105 ciep\u0142ej i zimnej wody wymiary komory ~ \u015brednica 350 mm i g\u0142\u0119boko\u015b\u0107 120 mm<\/p>\n","protected":false},"featured_media":15183,"template":"","meta":{"_et_pb_use_builder":"","_et_pb_old_content":"","_et_gb_content_width":""},"pwb-brand":[62],"product_brand":[],"product_cat":[370],"product_tag":[],"class_list":{"0":"post-9435","1":"product","2":"type-product","3":"status-publish","4":"has-post-thumbnail","6":"pwb-brand-stalgast","7":"product_cat-stojace","9":"first","10":"instock","11":"taxable","12":"shipping-taxable","13":"purchasable","14":"product-type-simple"},"brands":[{"id":62,"name":"Stalgast","slug":"stalgast"}],"_links":{"self":[{"href":"https:\/\/www.multifrigo.pl\/sklep\/wp-json\/wp\/v2\/product\/9435","targetHints":{"allow":["GET"]}}],"collection":[{"href":"https:\/\/www.multifrigo.pl\/sklep\/wp-json\/wp\/v2\/product"}],"about":[{"href":"https:\/\/www.multifrigo.pl\/sklep\/wp-json\/wp\/v2\/types\/product"}],"wp:featuredmedia":[{"embeddable":true,"href":"https:\/\/www.multifrigo.pl\/sklep\/wp-json\/wp\/v2\/media\/15183"}],"wp:attachment":[{"href":"https:\/\/www.multifrigo.pl\/sklep\/wp-json\/wp\/v2\/media?parent=9435"}],"wp:term":[{"taxonomy":"pwb-brand","embeddable":true,"href":"https:\/\/www.multifrigo.pl\/sklep\/wp-json\/wp\/v2\/pwb-brand?post=9435"},{"taxonomy":"product_brand","embeddable":true,"href":"https:\/\/www.multifrigo.pl\/sklep\/wp-json\/wp\/v2\/product_brand?post=9435"},{"taxonomy":"product_cat","embeddable":true,"href":"https:\/\/www.multifrigo.pl\/sklep\/wp-json\/wp\/v2\/product_cat?post=9435"},{"taxonomy":"product_tag","embeddable":true,"href":"https:\/\/www.multifrigo.pl\/sklep\/wp-json\/wp\/v2\/product_tag?post=9435"}],"curies":[{"name":"wp","href":"https:\/\/api.w.org\/{rel}","templated":true}]}}