{"id":9436,"date":"2024-07-03T12:56:38","date_gmt":"2024-07-03T12:56:38","guid":{"rendered":"https:\/\/multifrigo.pl\/sklep\/produkt\/umywalka-z-wylacznikiem-kolanowym-kranem-i-dozownikiem-mydla-stalgast-610005\/"},"modified":"2025-05-19T11:59:04","modified_gmt":"2025-05-19T11:59:04","slug":"umywalka-z-wylacznikiem-kolanowym-kranem-i-dozownikiem-mydla-stalgast-610005","status":"publish","type":"product","link":"https:\/\/www.multifrigo.pl\/sklep\/produkt\/umywalka-z-wylacznikiem-kolanowym-kranem-i-dozownikiem-mydla-stalgast-610005\/","title":{"rendered":"Umywalka z wy\u0142\u0105cznikiem kolanowym, kranem i dozownikiem myd\u0142a | Stalgast 610005"},"content":{"rendered":"<p><LI>w zestawie kran, dozownik myd\u0142a, syfon, elementy monta\u017cowe i w\u0119\u017cyki 1\/2 cala ~ 50 cm  <LI>wymiary komory ~330x235x130 mm  <\/p>\n","protected":false},"excerpt":{"rendered":"<p>w zestawie kran, dozownik myd\u0142a, syfon, elementy monta\u017cowe i w\u0119\u017cyki 1\/2 cala ~ 50 cm wymiary komory ~330x235x130 mm<\/p>\n","protected":false},"featured_media":15189,"template":"","meta":{"_et_pb_use_builder":"","_et_pb_old_content":"","_et_gb_content_width":""},"pwb-brand":[62],"product_brand":[],"product_cat":[370],"product_tag":[],"class_list":{"0":"post-9436","1":"product","2":"type-product","3":"status-publish","4":"has-post-thumbnail","6":"pwb-brand-stalgast","7":"product_cat-stojace","9":"first","10":"instock","11":"taxable","12":"shipping-taxable","13":"purchasable","14":"product-type-simple"},"brands":[{"id":62,"name":"Stalgast","slug":"stalgast"}],"_links":{"self":[{"href":"https:\/\/www.multifrigo.pl\/sklep\/wp-json\/wp\/v2\/product\/9436","targetHints":{"allow":["GET"]}}],"collection":[{"href":"https:\/\/www.multifrigo.pl\/sklep\/wp-json\/wp\/v2\/product"}],"about":[{"href":"https:\/\/www.multifrigo.pl\/sklep\/wp-json\/wp\/v2\/types\/product"}],"wp:featuredmedia":[{"embeddable":true,"href":"https:\/\/www.multifrigo.pl\/sklep\/wp-json\/wp\/v2\/media\/15189"}],"wp:attachment":[{"href":"https:\/\/www.multifrigo.pl\/sklep\/wp-json\/wp\/v2\/media?parent=9436"}],"wp:term":[{"taxonomy":"pwb-brand","embeddable":true,"href":"https:\/\/www.multifrigo.pl\/sklep\/wp-json\/wp\/v2\/pwb-brand?post=9436"},{"taxonomy":"product_brand","embeddable":true,"href":"https:\/\/www.multifrigo.pl\/sklep\/wp-json\/wp\/v2\/product_brand?post=9436"},{"taxonomy":"product_cat","embeddable":true,"href":"https:\/\/www.multifrigo.pl\/sklep\/wp-json\/wp\/v2\/product_cat?post=9436"},{"taxonomy":"product_tag","embeddable":true,"href":"https:\/\/www.multifrigo.pl\/sklep\/wp-json\/wp\/v2\/product_tag?post=9436"}],"curies":[{"name":"wp","href":"https:\/\/api.w.org\/{rel}","templated":true}]}}