{"id":9457,"date":"2024-07-03T12:56:43","date_gmt":"2024-07-03T12:56:43","guid":{"rendered":"https:\/\/multifrigo.pl\/sklep\/produkt\/plyn-do-maszynowego-mycia-naczyn-v-5-l-stalgast-641050\/"},"modified":"2025-05-19T11:59:16","modified_gmt":"2025-05-19T11:59:16","slug":"plyn-do-maszynowego-mycia-naczyn-v-5-l-stalgast-641050","status":"publish","type":"product","link":"https:\/\/www.multifrigo.pl\/sklep\/produkt\/plyn-do-maszynowego-mycia-naczyn-v-5-l-stalgast-641050\/","title":{"rendered":"P\u0142yn do maszynowego mycia naczy\u0144, V 5 l | Stalgast 641050"},"content":{"rendered":"<p><LI>przeznaczony do mycia w zmywarkach naczy\u0144 ze stali nierdzewnej, tworzywa sztucznego, porcelany, szk\u0142a oraz sztu\u0107c\u00f3w  <\/p>\n","protected":false},"excerpt":{"rendered":"<p>przeznaczony do mycia w zmywarkach naczy\u0144 ze stali nierdzewnej, tworzywa sztucznego, porcelany, szk\u0142a oraz sztu\u0107c\u00f3w<\/p>\n","protected":false},"featured_media":15227,"template":"","meta":{"_et_pb_use_builder":"","_et_pb_old_content":"","_et_gb_content_width":""},"pwb-brand":[62],"product_brand":[],"product_cat":[381],"product_tag":[],"class_list":{"0":"post-9457","1":"product","2":"type-product","3":"status-publish","4":"has-post-thumbnail","6":"pwb-brand-stalgast","7":"product_cat-srodki-do-zmywarek","9":"first","10":"instock","11":"taxable","12":"shipping-taxable","13":"purchasable","14":"product-type-simple"},"brands":[{"id":62,"name":"Stalgast","slug":"stalgast"}],"_links":{"self":[{"href":"https:\/\/www.multifrigo.pl\/sklep\/wp-json\/wp\/v2\/product\/9457","targetHints":{"allow":["GET"]}}],"collection":[{"href":"https:\/\/www.multifrigo.pl\/sklep\/wp-json\/wp\/v2\/product"}],"about":[{"href":"https:\/\/www.multifrigo.pl\/sklep\/wp-json\/wp\/v2\/types\/product"}],"wp:featuredmedia":[{"embeddable":true,"href":"https:\/\/www.multifrigo.pl\/sklep\/wp-json\/wp\/v2\/media\/15227"}],"wp:attachment":[{"href":"https:\/\/www.multifrigo.pl\/sklep\/wp-json\/wp\/v2\/media?parent=9457"}],"wp:term":[{"taxonomy":"pwb-brand","embeddable":true,"href":"https:\/\/www.multifrigo.pl\/sklep\/wp-json\/wp\/v2\/pwb-brand?post=9457"},{"taxonomy":"product_brand","embeddable":true,"href":"https:\/\/www.multifrigo.pl\/sklep\/wp-json\/wp\/v2\/product_brand?post=9457"},{"taxonomy":"product_cat","embeddable":true,"href":"https:\/\/www.multifrigo.pl\/sklep\/wp-json\/wp\/v2\/product_cat?post=9457"},{"taxonomy":"product_tag","embeddable":true,"href":"https:\/\/www.multifrigo.pl\/sklep\/wp-json\/wp\/v2\/product_tag?post=9457"}],"curies":[{"name":"wp","href":"https:\/\/api.w.org\/{rel}","templated":true}]}}