{"id":9468,"date":"2024-07-03T12:56:46","date_gmt":"2024-07-03T12:56:46","guid":{"rendered":"https:\/\/multifrigo.pl\/sklep\/produkt\/plyn-do-mycia-szyb-i-luster-v-1-l-stalgast-646010\/"},"modified":"2025-05-19T11:59:22","modified_gmt":"2025-05-19T11:59:22","slug":"plyn-do-mycia-szyb-i-luster-v-1-l-stalgast-646010","status":"publish","type":"product","link":"https:\/\/www.multifrigo.pl\/sklep\/produkt\/plyn-do-mycia-szyb-i-luster-v-1-l-stalgast-646010\/","title":{"rendered":"P\u0142yn do mycia szyb i luster, V 1 l | Stalgast 646010"},"content":{"rendered":"<p><LI>p\u0142yn z alkoholem do mycia luster i szyb  <LI>doskonale nadaje si\u0119 do witryn szklanych a tak\u017ce powierzchni szkliwionych takich jak glazura  <LI>skutecznie usuwa nawet trudne zabrudzenia  <LI>nie pozostawia smug  <LI>butelka z triggerem u\u0142atwiaj\u0105cym nanoszenie na powierzchni\u0119  <\/p>\n","protected":false},"excerpt":{"rendered":"<p>p\u0142yn z alkoholem do mycia luster i szyb doskonale nadaje si\u0119 do witryn szklanych a tak\u017ce powierzchni szkliwionych takich jak glazura skutecznie usuwa nawet trudne zabrudzenia nie pozostawia smug butelka z triggerem u\u0142atwiaj\u0105cym nanoszenie na powierzchni\u0119<\/p>\n","protected":false},"featured_media":15243,"template":"","meta":{"_et_pb_use_builder":"","_et_pb_old_content":"","_et_gb_content_width":""},"pwb-brand":[62],"product_brand":[],"product_cat":[388],"product_tag":[],"class_list":{"0":"post-9468","1":"product","2":"type-product","3":"status-publish","4":"has-post-thumbnail","6":"pwb-brand-stalgast","7":"product_cat-do-szyb","9":"first","10":"instock","11":"taxable","12":"shipping-taxable","13":"purchasable","14":"product-type-simple"},"brands":[{"id":62,"name":"Stalgast","slug":"stalgast"}],"_links":{"self":[{"href":"https:\/\/www.multifrigo.pl\/sklep\/wp-json\/wp\/v2\/product\/9468","targetHints":{"allow":["GET"]}}],"collection":[{"href":"https:\/\/www.multifrigo.pl\/sklep\/wp-json\/wp\/v2\/product"}],"about":[{"href":"https:\/\/www.multifrigo.pl\/sklep\/wp-json\/wp\/v2\/types\/product"}],"wp:featuredmedia":[{"embeddable":true,"href":"https:\/\/www.multifrigo.pl\/sklep\/wp-json\/wp\/v2\/media\/15243"}],"wp:attachment":[{"href":"https:\/\/www.multifrigo.pl\/sklep\/wp-json\/wp\/v2\/media?parent=9468"}],"wp:term":[{"taxonomy":"pwb-brand","embeddable":true,"href":"https:\/\/www.multifrigo.pl\/sklep\/wp-json\/wp\/v2\/pwb-brand?post=9468"},{"taxonomy":"product_brand","embeddable":true,"href":"https:\/\/www.multifrigo.pl\/sklep\/wp-json\/wp\/v2\/product_brand?post=9468"},{"taxonomy":"product_cat","embeddable":true,"href":"https:\/\/www.multifrigo.pl\/sklep\/wp-json\/wp\/v2\/product_cat?post=9468"},{"taxonomy":"product_tag","embeddable":true,"href":"https:\/\/www.multifrigo.pl\/sklep\/wp-json\/wp\/v2\/product_tag?post=9468"}],"curies":[{"name":"wp","href":"https:\/\/api.w.org\/{rel}","templated":true}]}}