{"id":9476,"date":"2024-07-03T12:56:47","date_gmt":"2024-07-03T12:56:47","guid":{"rendered":"https:\/\/multifrigo.pl\/sklep\/produkt\/odkamieniacz-na-bazie-kwasu-cytrynowego-v-1-l-stalgast-648011\/"},"modified":"2025-05-19T11:59:25","modified_gmt":"2025-05-19T11:59:25","slug":"odkamieniacz-na-bazie-kwasu-cytrynowego-v-1-l-stalgast-648011","status":"publish","type":"product","link":"https:\/\/www.multifrigo.pl\/sklep\/produkt\/odkamieniacz-na-bazie-kwasu-cytrynowego-v-1-l-stalgast-648011\/","title":{"rendered":"Odkamieniacz na bazie kwasu cytrynowego, V 1 l | Stalgast 648011"},"content":{"rendered":"<p><LI>skuteczny \u015brodek do usuwania kamienia wapiennego z urz\u0105dze\u0144 maj\u0105cych kontakt z wod\u0105, np.: piece konwekcyjno-parowe, zmywarki, warniki, zaparzacze, ekspresy do kawy, itp.  <LI>zapobiega jego ponownemu osadzaniu  <LI>skuteczny w niskich temperaturach  <LI>zalecany do ekspres\u00f3w automatycznych  <\/p>\n","protected":false},"excerpt":{"rendered":"<p>skuteczny \u015brodek do usuwania kamienia wapiennego z urz\u0105dze\u0144 maj\u0105cych kontakt z wod\u0105, np.: piece konwekcyjno-parowe, zmywarki, warniki, zaparzacze, ekspresy do kawy, itp. zapobiega jego ponownemu osadzaniu skuteczny w niskich temperaturach zalecany do ekspres\u00f3w automatycznych<\/p>\n","protected":false},"featured_media":15251,"template":"","meta":{"_et_pb_use_builder":"","_et_pb_old_content":"","_et_gb_content_width":""},"pwb-brand":[62],"product_brand":[],"product_cat":[390],"product_tag":[],"class_list":{"0":"post-9476","1":"product","2":"type-product","3":"status-publish","4":"has-post-thumbnail","6":"pwb-brand-stalgast","7":"product_cat-do-odkamieniania","9":"first","10":"instock","11":"taxable","12":"shipping-taxable","13":"purchasable","14":"product-type-simple"},"brands":[{"id":62,"name":"Stalgast","slug":"stalgast"}],"_links":{"self":[{"href":"https:\/\/www.multifrigo.pl\/sklep\/wp-json\/wp\/v2\/product\/9476","targetHints":{"allow":["GET"]}}],"collection":[{"href":"https:\/\/www.multifrigo.pl\/sklep\/wp-json\/wp\/v2\/product"}],"about":[{"href":"https:\/\/www.multifrigo.pl\/sklep\/wp-json\/wp\/v2\/types\/product"}],"wp:featuredmedia":[{"embeddable":true,"href":"https:\/\/www.multifrigo.pl\/sklep\/wp-json\/wp\/v2\/media\/15251"}],"wp:attachment":[{"href":"https:\/\/www.multifrigo.pl\/sklep\/wp-json\/wp\/v2\/media?parent=9476"}],"wp:term":[{"taxonomy":"pwb-brand","embeddable":true,"href":"https:\/\/www.multifrigo.pl\/sklep\/wp-json\/wp\/v2\/pwb-brand?post=9476"},{"taxonomy":"product_brand","embeddable":true,"href":"https:\/\/www.multifrigo.pl\/sklep\/wp-json\/wp\/v2\/product_brand?post=9476"},{"taxonomy":"product_cat","embeddable":true,"href":"https:\/\/www.multifrigo.pl\/sklep\/wp-json\/wp\/v2\/product_cat?post=9476"},{"taxonomy":"product_tag","embeddable":true,"href":"https:\/\/www.multifrigo.pl\/sklep\/wp-json\/wp\/v2\/product_tag?post=9476"}],"curies":[{"name":"wp","href":"https:\/\/api.w.org\/{rel}","templated":true}]}}